{"id":1192,"date":"2023-03-19T07:42:10","date_gmt":"2023-03-19T07:42:10","guid":{"rendered":"http:\/\/jazzingautomation.com\/?page_id=1192"},"modified":"2023-03-22T06:42:18","modified_gmt":"2023-03-22T06:42:18","slug":"projekat2","status":"publish","type":"page","link":"https:\/\/jazzingautomation.com\/en\/projekat2\/","title":{"rendered":"projekat2"},"content":{"rendered":"<div data-elementor-type=\"wp-page\" data-elementor-id=\"1192\" class=\"elementor elementor-1192\">\n\t\t\t\t\t\t<section class=\"elementor-section elementor-top-section elementor-element elementor-element-10e283c2 elementor-section-content-middle elementor-section-boxed elementor-section-height-default elementor-section-height-default\" data-id=\"10e283c2\" data-element_type=\"section\" data-e-type=\"section\" data-settings=\"{&quot;background_background&quot;:&quot;classic&quot;}\">\n\t\t\t\t\t\t\t<div class=\"elementor-background-overlay\"><\/div>\n\t\t\t\t\t\t\t<div class=\"elementor-container elementor-column-gap-no\">\n\t\t\t\t\t<div class=\"elementor-column elementor-col-100 elementor-top-column elementor-element elementor-element-31ddae63\" data-id=\"31ddae63\" data-element_type=\"column\" data-e-type=\"column\">\n\t\t\t<div class=\"elementor-widget-wrap elementor-element-populated\">\n\t\t\t\t\t\t\t<\/div>\n\t\t<\/div>\n\t\t\t\t\t<\/div>\n\t\t<\/section>\n\t\t\t\t<section class=\"elementor-section elementor-top-section elementor-element elementor-element-3906c228 elementor-section-content-top elementor-section-boxed elementor-section-height-default elementor-section-height-default\" data-id=\"3906c228\" data-element_type=\"section\" data-e-type=\"section\" data-settings=\"{&quot;background_background&quot;:&quot;classic&quot;}\">\n\t\t\t\t\t\t<div class=\"elementor-container elementor-column-gap-no\">\n\t\t\t\t\t<div class=\"elementor-column elementor-col-50 elementor-top-column elementor-element elementor-element-65e8f69c\" data-id=\"65e8f69c\" data-element_type=\"column\" data-e-type=\"column\">\n\t\t\t<div class=\"elementor-widget-wrap elementor-element-populated\">\n\t\t\t\t\t\t<div class=\"elementor-element elementor-element-1d23da43 elementor-position-top elementor-widget elementor-widget-image-box\" data-id=\"1d23da43\" data-element_type=\"widget\" data-e-type=\"widget\" id=\"projekat2\" data-widget_type=\"image-box.default\">\n\t\t\t\t<div class=\"elementor-widget-container\">\n\t\t\t\t\t<div class=\"elementor-image-box-wrapper\"><figure class=\"elementor-image-box-img\"><img fetchpriority=\"high\" decoding=\"async\" width=\"2560\" height=\"1475\" src=\"https:\/\/jazzingautomation.com\/wp-content\/uploads\/2023\/03\/8c-scaled.jpg\" class=\"attachment-full size-full wp-image-1212\" alt=\"\" srcset=\"https:\/\/jazzingautomation.com\/wp-content\/uploads\/2023\/03\/8c-scaled.jpg 2560w, https:\/\/jazzingautomation.com\/wp-content\/uploads\/2023\/03\/8c-300x173.jpg 300w, https:\/\/jazzingautomation.com\/wp-content\/uploads\/2023\/03\/8c-1024x590.jpg 1024w, https:\/\/jazzingautomation.com\/wp-content\/uploads\/2023\/03\/8c-768x442.jpg 768w, https:\/\/jazzingautomation.com\/wp-content\/uploads\/2023\/03\/8c-1536x885.jpg 1536w, https:\/\/jazzingautomation.com\/wp-content\/uploads\/2023\/03\/8c-2048x1180.jpg 2048w, https:\/\/jazzingautomation.com\/wp-content\/uploads\/2023\/03\/8c-18x10.jpg 18w\" sizes=\"(max-width: 2560px) 100vw, 2560px\" \/><\/figure><div class=\"elementor-image-box-content\"><h4 class=\"elementor-image-box-title\">Wardrobe presenter<\/h4><p class=\"elementor-image-box-description\">The wardrobe presenter is an automatic machine that was made for Forma Ideale company, according to their request. The role of the presenter is to efficiently and in a short period of time physically present the front of wardrobe that the client, potential buyer wants to see. The task for company Jazzing automation was to design, find and produce all technical solutions for mechanical assemblies, supporting structure, hardware, software and automatic control system. <\/p><\/div><\/div>\t\t\t\t<\/div>\n\t\t\t\t<\/div>\n\t\t\t\t\t<\/div>\n\t\t<\/div>\n\t\t\t\t<div class=\"elementor-column elementor-col-50 elementor-top-column elementor-element elementor-element-53df407b\" data-id=\"53df407b\" data-element_type=\"column\" data-e-type=\"column\">\n\t\t\t<div class=\"elementor-widget-wrap elementor-element-populated\">\n\t\t\t\t\t\t<div class=\"elementor-element elementor-element-43b7f3df elementor-position-top elementor-widget elementor-widget-image-box\" data-id=\"43b7f3df\" data-element_type=\"widget\" data-e-type=\"widget\" id=\"projekat1\" data-widget_type=\"image-box.default\">\n\t\t\t\t<div class=\"elementor-widget-container\">\n\t\t\t\t\t<div class=\"elementor-image-box-wrapper\"><figure class=\"elementor-image-box-img\"><img decoding=\"async\" width=\"2560\" height=\"1475\" src=\"https:\/\/jazzingautomation.com\/wp-content\/uploads\/2023\/03\/3-scaled.jpg\" class=\"attachment-full size-full wp-image-1210\" alt=\"\" srcset=\"https:\/\/jazzingautomation.com\/wp-content\/uploads\/2023\/03\/3-scaled.jpg 2560w, https:\/\/jazzingautomation.com\/wp-content\/uploads\/2023\/03\/3-300x173.jpg 300w, https:\/\/jazzingautomation.com\/wp-content\/uploads\/2023\/03\/3-1024x590.jpg 1024w, https:\/\/jazzingautomation.com\/wp-content\/uploads\/2023\/03\/3-768x442.jpg 768w, https:\/\/jazzingautomation.com\/wp-content\/uploads\/2023\/03\/3-1536x885.jpg 1536w, https:\/\/jazzingautomation.com\/wp-content\/uploads\/2023\/03\/3-2048x1180.jpg 2048w, https:\/\/jazzingautomation.com\/wp-content\/uploads\/2023\/03\/3-18x10.jpg 18w\" sizes=\"(max-width: 2560px) 100vw, 2560px\" \/><\/figure><\/div>\t\t\t\t<\/div>\n\t\t\t\t<\/div>\n\t\t\t\t\t<\/div>\n\t\t<\/div>\n\t\t\t\t\t<\/div>\n\t\t<\/section>\n\t\t\t\t<section class=\"elementor-section elementor-top-section elementor-element elementor-element-ebacd53 elementor-section-content-top elementor-section-boxed elementor-section-height-default elementor-section-height-default\" data-id=\"ebacd53\" data-element_type=\"section\" data-e-type=\"section\" data-settings=\"{&quot;background_background&quot;:&quot;classic&quot;}\">\n\t\t\t\t\t\t<div class=\"elementor-container elementor-column-gap-no\">\n\t\t\t\t\t<div class=\"elementor-column elementor-col-50 elementor-top-column elementor-element elementor-element-f3aff46\" data-id=\"f3aff46\" data-element_type=\"column\" data-e-type=\"column\">\n\t\t\t<div class=\"elementor-widget-wrap elementor-element-populated\">\n\t\t\t\t\t\t<div class=\"elementor-element elementor-element-65e998f elementor-position-top elementor-widget elementor-widget-image-box\" data-id=\"65e998f\" data-element_type=\"widget\" data-e-type=\"widget\" data-widget_type=\"image-box.default\">\n\t\t\t\t<div class=\"elementor-widget-container\">\n\t\t\t\t\t<div class=\"elementor-image-box-wrapper\"><figure class=\"elementor-image-box-img\"><img decoding=\"async\" width=\"2560\" height=\"1475\" src=\"https:\/\/jazzingautomation.com\/wp-content\/uploads\/2023\/03\/7c-scaled.jpg\" class=\"attachment-full size-full wp-image-1211\" alt=\"\" srcset=\"https:\/\/jazzingautomation.com\/wp-content\/uploads\/2023\/03\/7c-scaled.jpg 2560w, https:\/\/jazzingautomation.com\/wp-content\/uploads\/2023\/03\/7c-300x173.jpg 300w, https:\/\/jazzingautomation.com\/wp-content\/uploads\/2023\/03\/7c-1024x590.jpg 1024w, https:\/\/jazzingautomation.com\/wp-content\/uploads\/2023\/03\/7c-768x442.jpg 768w, https:\/\/jazzingautomation.com\/wp-content\/uploads\/2023\/03\/7c-1536x885.jpg 1536w, https:\/\/jazzingautomation.com\/wp-content\/uploads\/2023\/03\/7c-2048x1180.jpg 2048w, https:\/\/jazzingautomation.com\/wp-content\/uploads\/2023\/03\/7c-18x10.jpg 18w\" sizes=\"(max-width: 2560px) 100vw, 2560px\" \/><\/figure><\/div>\t\t\t\t<\/div>\n\t\t\t\t<\/div>\n\t\t\t\t\t<\/div>\n\t\t<\/div>\n\t\t\t\t<div class=\"elementor-column elementor-col-50 elementor-top-column elementor-element elementor-element-8369c82\" data-id=\"8369c82\" data-element_type=\"column\" data-e-type=\"column\">\n\t\t\t<div class=\"elementor-widget-wrap elementor-element-populated\">\n\t\t\t\t\t\t<div class=\"elementor-element elementor-element-d659213 elementor-widget elementor-widget-video\" data-id=\"d659213\" data-element_type=\"widget\" data-e-type=\"widget\" data-settings=\"{&quot;youtube_url&quot;:&quot;https:\\\/\\\/www.youtube.com\\\/watch?v=hQOQByk0q5Q&quot;,&quot;video_type&quot;:&quot;youtube&quot;,&quot;controls&quot;:&quot;yes&quot;}\" data-widget_type=\"video.default\">\n\t\t\t\t<div class=\"elementor-widget-container\">\n\t\t\t\t\t\t\t<div class=\"elementor-wrapper elementor-open-inline\">\n\t\t\t<div class=\"elementor-video\"><\/div>\t\t<\/div>\n\t\t\t\t\t\t<\/div>\n\t\t\t\t<\/div>\n\t\t\t\t\t<\/div>\n\t\t<\/div>\n\t\t\t\t\t<\/div>\n\t\t<\/section>\n\t\t\t\t<\/div>","protected":false},"excerpt":{"rendered":"<p>Prezenter garderobera Prezenter gardorobera je automat koji je ra\u0111en za kompaniju Forma ideale, po njihovom zahtevu. Uloga mu je da na efikasan na\u010din u kratkom roku fizi\u010dki prezentuje garderober koji klijent, potencijalni kupac \u017eeli da vidi. Zadatak kompanije Jazzing automation je bio osmi\u0161ljavanje, pronala\u017eenje i izrada svih tehni\u010dkih re\u0161enja za mehani\u010dke sklopove, nose\u0107u konstrukciju, hardware, [&hellip;]<\/p>\n","protected":false},"author":1,"featured_media":0,"parent":0,"menu_order":0,"comment_status":"closed","ping_status":"closed","template":"","meta":{"om_disable_all_campaigns":false,"_uag_custom_page_level_css":"","_monsterinsights_skip_tracking":false,"_monsterinsights_sitenote_active":false,"_monsterinsights_sitenote_note":"","_monsterinsights_sitenote_category":0,"site-sidebar-layout":"no-sidebar","site-content-layout":"page-builder","ast-site-content-layout":"default","site-content-style":"default","site-sidebar-style":"default","ast-global-header-display":"","ast-banner-title-visibility":"","ast-main-header-display":"","ast-hfb-above-header-display":"","ast-hfb-below-header-display":"","ast-hfb-mobile-header-display":"","site-post-title":"disabled","ast-breadcrumbs-content":"","ast-featured-img":"disabled","footer-sml-layout":"","ast-disable-related-posts":"","theme-transparent-header-meta":"","adv-header-id-meta":"","stick-header-meta":"","header-above-stick-meta":"","header-main-stick-meta":"","header-below-stick-meta":"","astra-migrate-meta-layouts":"default","ast-page-background-enabled":"default","ast-page-background-meta":{"desktop":{"background-color":"","background-image":"","background-repeat":"repeat","background-position":"center center","background-size":"auto","background-attachment":"scroll","background-type":"","background-media":"","overlay-type":"","overlay-color":"","overlay-opacity":"","overlay-gradient":""},"tablet":{"background-color":"","background-image":"","background-repeat":"repeat","background-position":"center center","background-size":"auto","background-attachment":"scroll","background-type":"","background-media":"","overlay-type":"","overlay-color":"","overlay-opacity":"","overlay-gradient":""},"mobile":{"background-color":"","background-image":"","background-repeat":"repeat","background-position":"center center","background-size":"auto","background-attachment":"scroll","background-type":"","background-media":"","overlay-type":"","overlay-color":"","overlay-opacity":"","overlay-gradient":""}},"ast-content-background-meta":{"desktop":{"background-color":"var(--ast-global-color-5)","background-image":"","background-repeat":"repeat","background-position":"center center","background-size":"auto","background-attachment":"scroll","background-type":"","background-media":"","overlay-type":"","overlay-color":"","overlay-opacity":"","overlay-gradient":""},"tablet":{"background-color":"var(--ast-global-color-5)","background-image":"","background-repeat":"repeat","background-position":"center center","background-size":"auto","background-attachment":"scroll","background-type":"","background-media":"","overlay-type":"","overlay-color":"","overlay-opacity":"","overlay-gradient":""},"mobile":{"background-color":"var(--ast-global-color-5)","background-image":"","background-repeat":"repeat","background-position":"center center","background-size":"auto","background-attachment":"scroll","background-type":"","background-media":"","overlay-type":"","overlay-color":"","overlay-opacity":"","overlay-gradient":""}},"footnotes":""},"class_list":["post-1192","page","type-page","status-publish","hentry"],"aioseo_notices":[],"uagb_featured_image_src":{"full":false,"thumbnail":false,"medium":false,"medium_large":false,"large":false,"1536x1536":false,"2048x2048":false,"trp-custom-language-flag":false,"qi_addons_for_elementor_image_size_square":false,"qi_addons_for_elementor_image_size_landscape":false,"qi_addons_for_elementor_image_size_portrait":false,"qi_addons_for_elementor_image_size_huge-square":false},"uagb_author_info":{"display_name":"vidovicbrankopm@gmail.com","author_link":"https:\/\/jazzingautomation.com\/en\/author\/vidovicbrankopmgmail-com\/"},"uagb_comment_info":0,"uagb_excerpt":"Prezenter garderobera Prezenter gardorobera je automat koji je ra\u0111en za kompaniju Forma ideale, po njihovom zahtevu. Uloga mu je da na efikasan na\u010din u kratkom roku fizi\u010dki prezentuje garderober koji klijent, potencijalni kupac \u017eeli da vidi. Zadatak kompanije Jazzing automation je bio osmi\u0161ljavanje, pronala\u017eenje i izrada svih tehni\u010dkih re\u0161enja za mehani\u010dke sklopove, nose\u0107u konstrukciju, hardware,&hellip;","_links":{"self":[{"href":"https:\/\/jazzingautomation.com\/en\/wp-json\/wp\/v2\/pages\/1192","targetHints":{"allow":["GET"]}}],"collection":[{"href":"https:\/\/jazzingautomation.com\/en\/wp-json\/wp\/v2\/pages"}],"about":[{"href":"https:\/\/jazzingautomation.com\/en\/wp-json\/wp\/v2\/types\/page"}],"author":[{"embeddable":true,"href":"https:\/\/jazzingautomation.com\/en\/wp-json\/wp\/v2\/users\/1"}],"replies":[{"embeddable":true,"href":"https:\/\/jazzingautomation.com\/en\/wp-json\/wp\/v2\/comments?post=1192"}],"version-history":[{"count":38,"href":"https:\/\/jazzingautomation.com\/en\/wp-json\/wp\/v2\/pages\/1192\/revisions"}],"predecessor-version":[{"id":1490,"href":"https:\/\/jazzingautomation.com\/en\/wp-json\/wp\/v2\/pages\/1192\/revisions\/1490"}],"wp:attachment":[{"href":"https:\/\/jazzingautomation.com\/en\/wp-json\/wp\/v2\/media?parent=1192"}],"curies":[{"name":"wp","href":"https:\/\/api.w.org\/{rel}","templated":true}]}}