{"id":1280,"date":"2023-03-22T16:57:24","date_gmt":"2023-03-22T16:57:24","guid":{"rendered":"https:\/\/jazzingautomation.com\/?page_id=1280"},"modified":"2023-03-22T17:36:23","modified_gmt":"2023-03-22T17:36:23","slug":"projekat1","status":"publish","type":"page","link":"https:\/\/jazzingautomation.com\/en\/projekat1\/","title":{"rendered":"Projekat1"},"content":{"rendered":"<div data-elementor-type=\"wp-page\" data-elementor-id=\"1280\" class=\"elementor elementor-1280\">\n\t\t\t\t\t\t<section class=\"elementor-section elementor-top-section elementor-element elementor-element-2cbea544 elementor-section-content-middle elementor-section-boxed elementor-section-height-default elementor-section-height-default\" data-id=\"2cbea544\" data-element_type=\"section\" data-e-type=\"section\" data-settings=\"{&quot;background_background&quot;:&quot;classic&quot;}\">\n\t\t\t\t\t\t\t<div class=\"elementor-background-overlay\"><\/div>\n\t\t\t\t\t\t\t<div class=\"elementor-container elementor-column-gap-no\">\n\t\t\t\t\t<div class=\"elementor-column elementor-col-100 elementor-top-column elementor-element elementor-element-48bff563\" data-id=\"48bff563\" data-element_type=\"column\" data-e-type=\"column\">\n\t\t\t<div class=\"elementor-widget-wrap elementor-element-populated\">\n\t\t\t\t\t\t\t<\/div>\n\t\t<\/div>\n\t\t\t\t\t<\/div>\n\t\t<\/section>\n\t\t\t\t<section class=\"elementor-section elementor-top-section elementor-element elementor-element-2ed4cd4e elementor-section-content-top elementor-section-boxed elementor-section-height-default elementor-section-height-default\" data-id=\"2ed4cd4e\" data-element_type=\"section\" data-e-type=\"section\" data-settings=\"{&quot;background_background&quot;:&quot;classic&quot;}\">\n\t\t\t\t\t\t<div class=\"elementor-container elementor-column-gap-no\">\n\t\t\t\t\t<div class=\"elementor-column elementor-col-50 elementor-top-column elementor-element elementor-element-13180f83\" data-id=\"13180f83\" data-element_type=\"column\" data-e-type=\"column\">\n\t\t\t<div class=\"elementor-widget-wrap elementor-element-populated\">\n\t\t\t\t\t\t<div class=\"elementor-element elementor-element-6fb9242f elementor-position-top elementor-widget elementor-widget-image-box\" data-id=\"6fb9242f\" data-element_type=\"widget\" data-e-type=\"widget\" id=\"projekat2\" data-widget_type=\"image-box.default\">\n\t\t\t\t<div class=\"elementor-widget-container\">\n\t\t\t\t\t<div class=\"elementor-image-box-wrapper\"><figure class=\"elementor-image-box-img\"><img fetchpriority=\"high\" decoding=\"async\" width=\"1280\" height=\"960\" src=\"https:\/\/jazzingautomation.com\/wp-content\/uploads\/2023\/03\/IMG_20200612_122852s.jpg\" class=\"attachment-full size-full wp-image-1292\" alt=\"\" srcset=\"https:\/\/jazzingautomation.com\/wp-content\/uploads\/2023\/03\/IMG_20200612_122852s.jpg 1280w, https:\/\/jazzingautomation.com\/wp-content\/uploads\/2023\/03\/IMG_20200612_122852s-300x225.jpg 300w, https:\/\/jazzingautomation.com\/wp-content\/uploads\/2023\/03\/IMG_20200612_122852s-1024x768.jpg 1024w, https:\/\/jazzingautomation.com\/wp-content\/uploads\/2023\/03\/IMG_20200612_122852s-768x576.jpg 768w, https:\/\/jazzingautomation.com\/wp-content\/uploads\/2023\/03\/IMG_20200612_122852s-16x12.jpg 16w\" sizes=\"(max-width: 1280px) 100vw, 1280px\" \/><\/figure><div class=\"elementor-image-box-content\"><h4 class=\"elementor-image-box-title\">Sponge cutting machine<\/h4><p class=\"elementor-image-box-description\">The coordinate machine for sponge cutting is one of the most important machines in the process of making upholstered furniture in the company Sofa Style from Majdanpek. The expert team of Jazzing automation did a complete \"retrofit\" of electronics and automation, along with the creation of new hardware, on which the basic component is a processor with ARM architecture. A new dedicated software was created for the needs of this machine. An overhaul of the mechanics of the machine was also carried out.<\/p><\/div><\/div>\t\t\t\t<\/div>\n\t\t\t\t<\/div>\n\t\t\t\t\t<\/div>\n\t\t<\/div>\n\t\t\t\t<div class=\"elementor-column elementor-col-50 elementor-top-column elementor-element elementor-element-4e0c984f\" data-id=\"4e0c984f\" data-element_type=\"column\" data-e-type=\"column\">\n\t\t\t<div class=\"elementor-widget-wrap elementor-element-populated\">\n\t\t\t\t\t\t<div class=\"elementor-element elementor-element-41169c7c elementor-position-top elementor-widget elementor-widget-image-box\" data-id=\"41169c7c\" data-element_type=\"widget\" data-e-type=\"widget\" id=\"projekat1\" data-widget_type=\"image-box.default\">\n\t\t\t\t<div class=\"elementor-widget-container\">\n\t\t\t\t\t<div class=\"elementor-image-box-wrapper\"><figure class=\"elementor-image-box-img\"><img decoding=\"async\" width=\"1280\" height=\"960\" src=\"https:\/\/jazzingautomation.com\/wp-content\/uploads\/2023\/03\/IMG_20201008_111318s.jpg\" class=\"attachment-full size-full wp-image-1293\" alt=\"\" srcset=\"https:\/\/jazzingautomation.com\/wp-content\/uploads\/2023\/03\/IMG_20201008_111318s.jpg 1280w, https:\/\/jazzingautomation.com\/wp-content\/uploads\/2023\/03\/IMG_20201008_111318s-300x225.jpg 300w, https:\/\/jazzingautomation.com\/wp-content\/uploads\/2023\/03\/IMG_20201008_111318s-1024x768.jpg 1024w, https:\/\/jazzingautomation.com\/wp-content\/uploads\/2023\/03\/IMG_20201008_111318s-768x576.jpg 768w, https:\/\/jazzingautomation.com\/wp-content\/uploads\/2023\/03\/IMG_20201008_111318s-16x12.jpg 16w\" sizes=\"(max-width: 1280px) 100vw, 1280px\" \/><\/figure><\/div>\t\t\t\t<\/div>\n\t\t\t\t<\/div>\n\t\t\t\t\t<\/div>\n\t\t<\/div>\n\t\t\t\t\t<\/div>\n\t\t<\/section>\n\t\t\t\t<section class=\"elementor-section elementor-top-section elementor-element elementor-element-54aa3c93 elementor-section-content-top elementor-section-boxed elementor-section-height-default elementor-section-height-default\" data-id=\"54aa3c93\" data-element_type=\"section\" data-e-type=\"section\" data-settings=\"{&quot;background_background&quot;:&quot;classic&quot;}\">\n\t\t\t\t\t\t<div class=\"elementor-container elementor-column-gap-no\">\n\t\t\t\t\t<div class=\"elementor-column elementor-col-50 elementor-top-column elementor-element elementor-element-33f698\" data-id=\"33f698\" data-element_type=\"column\" data-e-type=\"column\">\n\t\t\t<div class=\"elementor-widget-wrap elementor-element-populated\">\n\t\t\t\t\t\t<div class=\"elementor-element elementor-element-7234f80a elementor-position-top elementor-widget elementor-widget-image-box\" data-id=\"7234f80a\" data-element_type=\"widget\" data-e-type=\"widget\" data-widget_type=\"image-box.default\">\n\t\t\t\t<div class=\"elementor-widget-container\">\n\t\t\t\t\t<div class=\"elementor-image-box-wrapper\"><figure class=\"elementor-image-box-img\"><img decoding=\"async\" width=\"1280\" height=\"960\" src=\"https:\/\/jazzingautomation.com\/wp-content\/uploads\/2023\/03\/Software-Forma-Industrija-namestajas.jpg\" class=\"attachment-full size-full wp-image-1294\" alt=\"\" srcset=\"https:\/\/jazzingautomation.com\/wp-content\/uploads\/2023\/03\/Software-Forma-Industrija-namestajas.jpg 1280w, https:\/\/jazzingautomation.com\/wp-content\/uploads\/2023\/03\/Software-Forma-Industrija-namestajas-300x225.jpg 300w, https:\/\/jazzingautomation.com\/wp-content\/uploads\/2023\/03\/Software-Forma-Industrija-namestajas-1024x768.jpg 1024w, https:\/\/jazzingautomation.com\/wp-content\/uploads\/2023\/03\/Software-Forma-Industrija-namestajas-768x576.jpg 768w, https:\/\/jazzingautomation.com\/wp-content\/uploads\/2023\/03\/Software-Forma-Industrija-namestajas-16x12.jpg 16w\" sizes=\"(max-width: 1280px) 100vw, 1280px\" \/><\/figure><\/div>\t\t\t\t<\/div>\n\t\t\t\t<\/div>\n\t\t\t\t\t<\/div>\n\t\t<\/div>\n\t\t\t\t<div class=\"elementor-column elementor-col-50 elementor-top-column elementor-element elementor-element-1c42d9c8\" data-id=\"1c42d9c8\" data-element_type=\"column\" data-e-type=\"column\">\n\t\t\t<div class=\"elementor-widget-wrap elementor-element-populated\">\n\t\t\t\t\t\t\t<\/div>\n\t\t<\/div>\n\t\t\t\t\t<\/div>\n\t\t<\/section>\n\t\t\t\t<\/div>","protected":false},"excerpt":{"rendered":"<p>Koordinatna ma\u0161ina za rezanje sun\u0111era Koordinatna ma\u0161ina za rezanje sun\u0111era je jedna od najva\u017enijih ma\u0161ina u procesu izrade tapaciranog name\u0161taja u kompaniji Sofa Style iz Majdanpeka. Stru\u010dni tim Jazzing automation-a je radio kompletan &#8222;retrofit&#8220; elektronike i automatike, uz izradu novog hardware-a na kojem je osnovna komponentna procesor sa ARM arhitekturom. Za potrebe ove ma\u0161ine napravljen [&hellip;]<\/p>\n","protected":false},"author":1,"featured_media":0,"parent":0,"menu_order":0,"comment_status":"closed","ping_status":"closed","template":"","meta":{"om_disable_all_campaigns":false,"_uag_custom_page_level_css":"","_monsterinsights_skip_tracking":false,"_monsterinsights_sitenote_active":false,"_monsterinsights_sitenote_note":"","_monsterinsights_sitenote_category":0,"site-sidebar-layout":"no-sidebar","site-content-layout":"page-builder","ast-site-content-layout":"default","site-content-style":"default","site-sidebar-style":"default","ast-global-header-display":"","ast-banner-title-visibility":"","ast-main-header-display":"","ast-hfb-above-header-display":"","ast-hfb-below-header-display":"","ast-hfb-mobile-header-display":"","site-post-title":"disabled","ast-breadcrumbs-content":"","ast-featured-img":"disabled","footer-sml-layout":"","ast-disable-related-posts":"","theme-transparent-header-meta":"","adv-header-id-meta":"","stick-header-meta":"","header-above-stick-meta":"","header-main-stick-meta":"","header-below-stick-meta":"","astra-migrate-meta-layouts":"default","ast-page-background-enabled":"default","ast-page-background-meta":{"desktop":{"background-color":"","background-image":"","background-repeat":"repeat","background-position":"center center","background-size":"auto","background-attachment":"scroll","background-type":"","background-media":"","overlay-type":"","overlay-color":"","overlay-opacity":"","overlay-gradient":""},"tablet":{"background-color":"","background-image":"","background-repeat":"repeat","background-position":"center center","background-size":"auto","background-attachment":"scroll","background-type":"","background-media":"","overlay-type":"","overlay-color":"","overlay-opacity":"","overlay-gradient":""},"mobile":{"background-color":"","background-image":"","background-repeat":"repeat","background-position":"center center","background-size":"auto","background-attachment":"scroll","background-type":"","background-media":"","overlay-type":"","overlay-color":"","overlay-opacity":"","overlay-gradient":""}},"ast-content-background-meta":{"desktop":{"background-color":"var(--ast-global-color-5)","background-image":"","background-repeat":"repeat","background-position":"center center","background-size":"auto","background-attachment":"scroll","background-type":"","background-media":"","overlay-type":"","overlay-color":"","overlay-opacity":"","overlay-gradient":""},"tablet":{"background-color":"var(--ast-global-color-5)","background-image":"","background-repeat":"repeat","background-position":"center center","background-size":"auto","background-attachment":"scroll","background-type":"","background-media":"","overlay-type":"","overlay-color":"","overlay-opacity":"","overlay-gradient":""},"mobile":{"background-color":"var(--ast-global-color-5)","background-image":"","background-repeat":"repeat","background-position":"center center","background-size":"auto","background-attachment":"scroll","background-type":"","background-media":"","overlay-type":"","overlay-color":"","overlay-opacity":"","overlay-gradient":""}},"footnotes":""},"class_list":["post-1280","page","type-page","status-publish","hentry"],"aioseo_notices":[],"uagb_featured_image_src":{"full":false,"thumbnail":false,"medium":false,"medium_large":false,"large":false,"1536x1536":false,"2048x2048":false,"trp-custom-language-flag":false,"qi_addons_for_elementor_image_size_square":false,"qi_addons_for_elementor_image_size_landscape":false,"qi_addons_for_elementor_image_size_portrait":false,"qi_addons_for_elementor_image_size_huge-square":false},"uagb_author_info":{"display_name":"vidovicbrankopm@gmail.com","author_link":"https:\/\/jazzingautomation.com\/en\/author\/vidovicbrankopmgmail-com\/"},"uagb_comment_info":0,"uagb_excerpt":"Koordinatna ma\u0161ina za rezanje sun\u0111era Koordinatna ma\u0161ina za rezanje sun\u0111era je jedna od najva\u017enijih ma\u0161ina u procesu izrade tapaciranog name\u0161taja u kompaniji Sofa Style iz Majdanpeka. Stru\u010dni tim Jazzing automation-a je radio kompletan &#8222;retrofit&#8220; elektronike i automatike, uz izradu novog hardware-a na kojem je osnovna komponentna procesor sa ARM arhitekturom. Za potrebe ove ma\u0161ine napravljen&hellip;","_links":{"self":[{"href":"https:\/\/jazzingautomation.com\/en\/wp-json\/wp\/v2\/pages\/1280","targetHints":{"allow":["GET"]}}],"collection":[{"href":"https:\/\/jazzingautomation.com\/en\/wp-json\/wp\/v2\/pages"}],"about":[{"href":"https:\/\/jazzingautomation.com\/en\/wp-json\/wp\/v2\/types\/page"}],"author":[{"embeddable":true,"href":"https:\/\/jazzingautomation.com\/en\/wp-json\/wp\/v2\/users\/1"}],"replies":[{"embeddable":true,"href":"https:\/\/jazzingautomation.com\/en\/wp-json\/wp\/v2\/comments?post=1280"}],"version-history":[{"count":7,"href":"https:\/\/jazzingautomation.com\/en\/wp-json\/wp\/v2\/pages\/1280\/revisions"}],"predecessor-version":[{"id":1297,"href":"https:\/\/jazzingautomation.com\/en\/wp-json\/wp\/v2\/pages\/1280\/revisions\/1297"}],"wp:attachment":[{"href":"https:\/\/jazzingautomation.com\/en\/wp-json\/wp\/v2\/media?parent=1280"}],"curies":[{"name":"wp","href":"https:\/\/api.w.org\/{rel}","templated":true}]}}