{"id":1326,"date":"2023-03-22T21:33:07","date_gmt":"2023-03-22T21:33:07","guid":{"rendered":"https:\/\/jazzingautomation.com\/?page_id=1326"},"modified":"2023-03-22T21:39:21","modified_gmt":"2023-03-22T21:39:21","slug":"projekat4","status":"publish","type":"page","link":"https:\/\/jazzingautomation.com\/en\/projekat4\/","title":{"rendered":"Projekat4"},"content":{"rendered":"<div data-elementor-type=\"wp-page\" data-elementor-id=\"1326\" class=\"elementor elementor-1326\">\n\t\t\t\t\t\t<section class=\"elementor-section elementor-top-section elementor-element elementor-element-49702d77 elementor-section-content-middle elementor-section-boxed elementor-section-height-default elementor-section-height-default\" data-id=\"49702d77\" data-element_type=\"section\" data-e-type=\"section\" data-settings=\"{&quot;background_background&quot;:&quot;classic&quot;}\">\n\t\t\t\t\t\t\t<div class=\"elementor-background-overlay\"><\/div>\n\t\t\t\t\t\t\t<div class=\"elementor-container elementor-column-gap-no\">\n\t\t\t\t\t<div class=\"elementor-column elementor-col-100 elementor-top-column elementor-element elementor-element-555c7bfd\" data-id=\"555c7bfd\" data-element_type=\"column\" data-e-type=\"column\">\n\t\t\t<div class=\"elementor-widget-wrap elementor-element-populated\">\n\t\t\t\t\t\t\t<\/div>\n\t\t<\/div>\n\t\t\t\t\t<\/div>\n\t\t<\/section>\n\t\t\t\t<section class=\"elementor-section elementor-top-section elementor-element elementor-element-18c135fb elementor-section-content-top elementor-section-boxed elementor-section-height-default elementor-section-height-default\" data-id=\"18c135fb\" data-element_type=\"section\" data-e-type=\"section\" data-settings=\"{&quot;background_background&quot;:&quot;classic&quot;}\">\n\t\t\t\t\t\t<div class=\"elementor-container elementor-column-gap-no\">\n\t\t\t\t\t<div class=\"elementor-column elementor-col-50 elementor-top-column elementor-element elementor-element-1160f039\" data-id=\"1160f039\" data-element_type=\"column\" data-e-type=\"column\">\n\t\t\t<div class=\"elementor-widget-wrap elementor-element-populated\">\n\t\t\t\t\t\t<div class=\"elementor-element elementor-element-5feabde0 elementor-position-top elementor-widget elementor-widget-image-box\" data-id=\"5feabde0\" data-element_type=\"widget\" data-e-type=\"widget\" id=\"projekat2\" data-widget_type=\"image-box.default\">\n\t\t\t\t<div class=\"elementor-widget-container\">\n\t\t\t\t\t<div class=\"elementor-image-box-wrapper\"><figure class=\"elementor-image-box-img\"><img fetchpriority=\"high\" decoding=\"async\" width=\"2560\" height=\"1475\" src=\"https:\/\/jazzingautomation.com\/wp-content\/uploads\/2023\/03\/8c-scaled.jpg\" class=\"attachment-full size-full wp-image-1212\" alt=\"\" srcset=\"https:\/\/jazzingautomation.com\/wp-content\/uploads\/2023\/03\/8c-scaled.jpg 2560w, https:\/\/jazzingautomation.com\/wp-content\/uploads\/2023\/03\/8c-300x173.jpg 300w, https:\/\/jazzingautomation.com\/wp-content\/uploads\/2023\/03\/8c-1024x590.jpg 1024w, https:\/\/jazzingautomation.com\/wp-content\/uploads\/2023\/03\/8c-768x442.jpg 768w, https:\/\/jazzingautomation.com\/wp-content\/uploads\/2023\/03\/8c-1536x885.jpg 1536w, https:\/\/jazzingautomation.com\/wp-content\/uploads\/2023\/03\/8c-2048x1180.jpg 2048w, https:\/\/jazzingautomation.com\/wp-content\/uploads\/2023\/03\/8c-18x10.jpg 18w\" sizes=\"(max-width: 2560px) 100vw, 2560px\" \/><\/figure><div class=\"elementor-image-box-content\"><h4 class=\"elementor-image-box-title\">A plant for the production of elastic bands<\/h4><p class=\"elementor-image-box-description\">Instalirano i pu\u0161teno u rad postrojenje za proizvodnju elasti\u010dnih traka u kompaniji Mosha. Postrojenje \u010dini nekoliko ma\u0161ina za pripremu materijala za izradu elasti\u010dne tkanine, dve automatske \u017eakard ma\u0161ine, ma\u0161ina za finalizaciju proizvoda i ma\u0161ina za pakovanje. Kapacitet celog postrojenja je oko 5000 metara elasti\u010dne tkanine na dan. <\/p><\/div><\/div>\t\t\t\t<\/div>\n\t\t\t\t<\/div>\n\t\t\t\t\t<\/div>\n\t\t<\/div>\n\t\t\t\t<div class=\"elementor-column elementor-col-50 elementor-top-column elementor-element elementor-element-43dc35db\" data-id=\"43dc35db\" data-element_type=\"column\" data-e-type=\"column\">\n\t\t\t<div class=\"elementor-widget-wrap elementor-element-populated\">\n\t\t\t\t\t\t<div class=\"elementor-element elementor-element-2715731b elementor-position-top elementor-widget elementor-widget-image-box\" data-id=\"2715731b\" data-element_type=\"widget\" data-e-type=\"widget\" id=\"projekat1\" data-widget_type=\"image-box.default\">\n\t\t\t\t<div class=\"elementor-widget-container\">\n\t\t\t\t\t<div class=\"elementor-image-box-wrapper\"><figure class=\"elementor-image-box-img\"><img decoding=\"async\" width=\"2560\" height=\"1475\" src=\"https:\/\/jazzingautomation.com\/wp-content\/uploads\/2023\/03\/3-scaled.jpg\" class=\"attachment-full size-full wp-image-1210\" alt=\"\" srcset=\"https:\/\/jazzingautomation.com\/wp-content\/uploads\/2023\/03\/3-scaled.jpg 2560w, https:\/\/jazzingautomation.com\/wp-content\/uploads\/2023\/03\/3-300x173.jpg 300w, https:\/\/jazzingautomation.com\/wp-content\/uploads\/2023\/03\/3-1024x590.jpg 1024w, https:\/\/jazzingautomation.com\/wp-content\/uploads\/2023\/03\/3-768x442.jpg 768w, https:\/\/jazzingautomation.com\/wp-content\/uploads\/2023\/03\/3-1536x885.jpg 1536w, https:\/\/jazzingautomation.com\/wp-content\/uploads\/2023\/03\/3-2048x1180.jpg 2048w, https:\/\/jazzingautomation.com\/wp-content\/uploads\/2023\/03\/3-18x10.jpg 18w\" sizes=\"(max-width: 2560px) 100vw, 2560px\" \/><\/figure><\/div>\t\t\t\t<\/div>\n\t\t\t\t<\/div>\n\t\t\t\t\t<\/div>\n\t\t<\/div>\n\t\t\t\t\t<\/div>\n\t\t<\/section>\n\t\t\t\t<section class=\"elementor-section elementor-top-section elementor-element elementor-element-6ce09fcf elementor-section-content-top elementor-section-boxed elementor-section-height-default elementor-section-height-default\" data-id=\"6ce09fcf\" data-element_type=\"section\" data-e-type=\"section\" data-settings=\"{&quot;background_background&quot;:&quot;classic&quot;}\">\n\t\t\t\t\t\t<div class=\"elementor-container elementor-column-gap-no\">\n\t\t\t\t\t<div class=\"elementor-column elementor-col-50 elementor-top-column elementor-element elementor-element-7649f233\" data-id=\"7649f233\" data-element_type=\"column\" data-e-type=\"column\">\n\t\t\t<div class=\"elementor-widget-wrap elementor-element-populated\">\n\t\t\t\t\t\t<div class=\"elementor-element elementor-element-69de4d82 elementor-position-top elementor-widget elementor-widget-image-box\" data-id=\"69de4d82\" data-element_type=\"widget\" data-e-type=\"widget\" data-widget_type=\"image-box.default\">\n\t\t\t\t<div class=\"elementor-widget-container\">\n\t\t\t\t\t<div class=\"elementor-image-box-wrapper\"><figure class=\"elementor-image-box-img\"><img decoding=\"async\" width=\"2560\" height=\"1475\" src=\"https:\/\/jazzingautomation.com\/wp-content\/uploads\/2023\/03\/7c-scaled.jpg\" class=\"attachment-full size-full wp-image-1211\" alt=\"\" srcset=\"https:\/\/jazzingautomation.com\/wp-content\/uploads\/2023\/03\/7c-scaled.jpg 2560w, https:\/\/jazzingautomation.com\/wp-content\/uploads\/2023\/03\/7c-300x173.jpg 300w, https:\/\/jazzingautomation.com\/wp-content\/uploads\/2023\/03\/7c-1024x590.jpg 1024w, https:\/\/jazzingautomation.com\/wp-content\/uploads\/2023\/03\/7c-768x442.jpg 768w, https:\/\/jazzingautomation.com\/wp-content\/uploads\/2023\/03\/7c-1536x885.jpg 1536w, https:\/\/jazzingautomation.com\/wp-content\/uploads\/2023\/03\/7c-2048x1180.jpg 2048w, https:\/\/jazzingautomation.com\/wp-content\/uploads\/2023\/03\/7c-18x10.jpg 18w\" sizes=\"(max-width: 2560px) 100vw, 2560px\" \/><\/figure><\/div>\t\t\t\t<\/div>\n\t\t\t\t<\/div>\n\t\t\t\t\t<\/div>\n\t\t<\/div>\n\t\t\t\t<div class=\"elementor-column elementor-col-50 elementor-top-column elementor-element elementor-element-6bd2252b\" data-id=\"6bd2252b\" data-element_type=\"column\" data-e-type=\"column\">\n\t\t\t<div class=\"elementor-widget-wrap elementor-element-populated\">\n\t\t\t\t\t\t<div class=\"elementor-element elementor-element-5a8019cb elementor-widget elementor-widget-video\" data-id=\"5a8019cb\" data-element_type=\"widget\" data-e-type=\"widget\" data-settings=\"{&quot;youtube_url&quot;:&quot;https:\\\/\\\/www.youtube.com\\\/watch?v=hQOQByk0q5Q&quot;,&quot;video_type&quot;:&quot;youtube&quot;,&quot;controls&quot;:&quot;yes&quot;}\" data-widget_type=\"video.default\">\n\t\t\t\t<div class=\"elementor-widget-container\">\n\t\t\t\t\t\t\t<div class=\"elementor-wrapper elementor-open-inline\">\n\t\t\t<div class=\"elementor-video\"><\/div>\t\t<\/div>\n\t\t\t\t\t\t<\/div>\n\t\t\t\t<\/div>\n\t\t\t\t\t<\/div>\n\t\t<\/div>\n\t\t\t\t\t<\/div>\n\t\t<\/section>\n\t\t\t\t<\/div>","protected":false},"excerpt":{"rendered":"<p>Postrojenje za proizvodnju elasti\u010dnih traka Instalirano i pu\u0161teno u rad postrojenje za proizvodnju elasti\u010dnih traka u kompaniji Mosha. Postrojenje \u010dini nekoliko ma\u0161ina za pripremu materijala za izradu elasti\u010dne tkanine, dve automatske \u017eakard ma\u0161ine, ma\u0161ina za finalizaciju proizvoda i ma\u0161ina za pakovanje. Kapacitet celog postrojenja je oko 5000 metara elasti\u010dne tkanine na dan. https:\/\/www.youtube.com\/watch?v=hQOQByk0q5Q<\/p>","protected":false},"author":1,"featured_media":0,"parent":0,"menu_order":0,"comment_status":"closed","ping_status":"closed","template":"","meta":{"om_disable_all_campaigns":false,"_uag_custom_page_level_css":"","_monsterinsights_skip_tracking":false,"_monsterinsights_sitenote_active":false,"_monsterinsights_sitenote_note":"","_monsterinsights_sitenote_category":0,"site-sidebar-layout":"no-sidebar","site-content-layout":"page-builder","ast-site-content-layout":"default","site-content-style":"default","site-sidebar-style":"default","ast-global-header-display":"","ast-banner-title-visibility":"","ast-main-header-display":"","ast-hfb-above-header-display":"","ast-hfb-below-header-display":"","ast-hfb-mobile-header-display":"","site-post-title":"disabled","ast-breadcrumbs-content":"","ast-featured-img":"disabled","footer-sml-layout":"","ast-disable-related-posts":"","theme-transparent-header-meta":"","adv-header-id-meta":"","stick-header-meta":"","header-above-stick-meta":"","header-main-stick-meta":"","header-below-stick-meta":"","astra-migrate-meta-layouts":"default","ast-page-background-enabled":"default","ast-page-background-meta":{"desktop":{"background-color":"","background-image":"","background-repeat":"repeat","background-position":"center center","background-size":"auto","background-attachment":"scroll","background-type":"","background-media":"","overlay-type":"","overlay-color":"","overlay-opacity":"","overlay-gradient":""},"tablet":{"background-color":"","background-image":"","background-repeat":"repeat","background-position":"center center","background-size":"auto","background-attachment":"scroll","background-type":"","background-media":"","overlay-type":"","overlay-color":"","overlay-opacity":"","overlay-gradient":""},"mobile":{"background-color":"","background-image":"","background-repeat":"repeat","background-position":"center center","background-size":"auto","background-attachment":"scroll","background-type":"","background-media":"","overlay-type":"","overlay-color":"","overlay-opacity":"","overlay-gradient":""}},"ast-content-background-meta":{"desktop":{"background-color":"var(--ast-global-color-5)","background-image":"","background-repeat":"repeat","background-position":"center center","background-size":"auto","background-attachment":"scroll","background-type":"","background-media":"","overlay-type":"","overlay-color":"","overlay-opacity":"","overlay-gradient":""},"tablet":{"background-color":"var(--ast-global-color-5)","background-image":"","background-repeat":"repeat","background-position":"center center","background-size":"auto","background-attachment":"scroll","background-type":"","background-media":"","overlay-type":"","overlay-color":"","overlay-opacity":"","overlay-gradient":""},"mobile":{"background-color":"var(--ast-global-color-5)","background-image":"","background-repeat":"repeat","background-position":"center center","background-size":"auto","background-attachment":"scroll","background-type":"","background-media":"","overlay-type":"","overlay-color":"","overlay-opacity":"","overlay-gradient":""}},"footnotes":""},"class_list":["post-1326","page","type-page","status-publish","hentry"],"aioseo_notices":[],"uagb_featured_image_src":{"full":false,"thumbnail":false,"medium":false,"medium_large":false,"large":false,"1536x1536":false,"2048x2048":false,"trp-custom-language-flag":false,"qi_addons_for_elementor_image_size_square":false,"qi_addons_for_elementor_image_size_landscape":false,"qi_addons_for_elementor_image_size_portrait":false,"qi_addons_for_elementor_image_size_huge-square":false},"uagb_author_info":{"display_name":"vidovicbrankopm@gmail.com","author_link":"https:\/\/jazzingautomation.com\/en\/author\/vidovicbrankopmgmail-com\/"},"uagb_comment_info":0,"uagb_excerpt":"Postrojenje za proizvodnju elasti\u010dnih traka Instalirano i pu\u0161teno u rad postrojenje za proizvodnju elasti\u010dnih traka u kompaniji Mosha. Postrojenje \u010dini nekoliko ma\u0161ina za pripremu materijala za izradu elasti\u010dne tkanine, dve automatske \u017eakard ma\u0161ine, ma\u0161ina za finalizaciju proizvoda i ma\u0161ina za pakovanje. Kapacitet celog postrojenja je oko 5000 metara elasti\u010dne tkanine na dan. https:\/\/www.youtube.com\/watch?v=hQOQByk0q5Q","_links":{"self":[{"href":"https:\/\/jazzingautomation.com\/en\/wp-json\/wp\/v2\/pages\/1326","targetHints":{"allow":["GET"]}}],"collection":[{"href":"https:\/\/jazzingautomation.com\/en\/wp-json\/wp\/v2\/pages"}],"about":[{"href":"https:\/\/jazzingautomation.com\/en\/wp-json\/wp\/v2\/types\/page"}],"author":[{"embeddable":true,"href":"https:\/\/jazzingautomation.com\/en\/wp-json\/wp\/v2\/users\/1"}],"replies":[{"embeddable":true,"href":"https:\/\/jazzingautomation.com\/en\/wp-json\/wp\/v2\/comments?post=1326"}],"version-history":[{"count":7,"href":"https:\/\/jazzingautomation.com\/en\/wp-json\/wp\/v2\/pages\/1326\/revisions"}],"predecessor-version":[{"id":1343,"href":"https:\/\/jazzingautomation.com\/en\/wp-json\/wp\/v2\/pages\/1326\/revisions\/1343"}],"wp:attachment":[{"href":"https:\/\/jazzingautomation.com\/en\/wp-json\/wp\/v2\/media?parent=1326"}],"curies":[{"name":"wp","href":"https:\/\/api.w.org\/{rel}","templated":true}]}}