{"id":1498,"date":"2025-05-06T15:15:18","date_gmt":"2025-05-06T15:15:18","guid":{"rendered":"https:\/\/jazzingautomation.com\/?page_id=1498"},"modified":"2025-05-07T15:54:58","modified_gmt":"2025-05-07T15:54:58","slug":"projekat7","status":"publish","type":"page","link":"https:\/\/jazzingautomation.com\/en\/projekat7\/","title":{"rendered":"projekat7"},"content":{"rendered":"<div data-elementor-type=\"wp-page\" data-elementor-id=\"1498\" class=\"elementor elementor-1498\">\n\t\t\t\t\t\t<section class=\"elementor-section elementor-top-section elementor-element elementor-element-5ab8e99b elementor-section-content-middle elementor-section-boxed elementor-section-height-default elementor-section-height-default\" data-id=\"5ab8e99b\" data-element_type=\"section\" data-e-type=\"section\" data-settings=\"{&quot;background_background&quot;:&quot;classic&quot;}\">\n\t\t\t\t\t\t\t<div class=\"elementor-background-overlay\"><\/div>\n\t\t\t\t\t\t\t<div class=\"elementor-container elementor-column-gap-no\">\n\t\t\t\t\t<div class=\"elementor-column elementor-col-100 elementor-top-column elementor-element elementor-element-70eee90\" data-id=\"70eee90\" data-element_type=\"column\" data-e-type=\"column\">\n\t\t\t<div class=\"elementor-widget-wrap elementor-element-populated\">\n\t\t\t\t\t\t\t<\/div>\n\t\t<\/div>\n\t\t\t\t\t<\/div>\n\t\t<\/section>\n\t\t\t\t<section class=\"elementor-section elementor-top-section elementor-element elementor-element-24d4c9d3 elementor-section-content-top elementor-section-boxed elementor-section-height-default elementor-section-height-default\" data-id=\"24d4c9d3\" data-element_type=\"section\" data-e-type=\"section\" data-settings=\"{&quot;background_background&quot;:&quot;classic&quot;}\">\n\t\t\t\t\t\t<div class=\"elementor-container elementor-column-gap-no\">\n\t\t\t\t\t<div class=\"elementor-column elementor-col-50 elementor-top-column elementor-element elementor-element-451f43ef\" data-id=\"451f43ef\" data-element_type=\"column\" data-e-type=\"column\">\n\t\t\t<div class=\"elementor-widget-wrap elementor-element-populated\">\n\t\t\t\t\t\t<div class=\"elementor-element elementor-element-5d4f726d elementor-position-top elementor-widget elementor-widget-image-box\" data-id=\"5d4f726d\" data-element_type=\"widget\" data-e-type=\"widget\" id=\"projekat2\" data-widget_type=\"image-box.default\">\n\t\t\t\t<div class=\"elementor-widget-container\">\n\t\t\t\t\t<div class=\"elementor-image-box-wrapper\"><figure class=\"elementor-image-box-img\"><img fetchpriority=\"high\" decoding=\"async\" width=\"1270\" height=\"841\" src=\"https:\/\/jazzingautomation.com\/wp-content\/uploads\/2025\/05\/AlgoLoam-e1746633148264.jpg\" class=\"attachment-full size-full wp-image-1508\" alt=\"\" srcset=\"https:\/\/jazzingautomation.com\/wp-content\/uploads\/2025\/05\/AlgoLoam-e1746633148264.jpg 1270w, https:\/\/jazzingautomation.com\/wp-content\/uploads\/2025\/05\/AlgoLoam-e1746633148264-300x199.jpg 300w, https:\/\/jazzingautomation.com\/wp-content\/uploads\/2025\/05\/AlgoLoam-e1746633148264-1024x678.jpg 1024w, https:\/\/jazzingautomation.com\/wp-content\/uploads\/2025\/05\/AlgoLoam-e1746633148264-768x509.jpg 768w, https:\/\/jazzingautomation.com\/wp-content\/uploads\/2025\/05\/AlgoLoam-e1746633148264-18x12.jpg 18w\" sizes=\"(max-width: 1270px) 100vw, 1270px\" \/><\/figure><div class=\"elementor-image-box-content\"><h4 class=\"elementor-image-box-title\">AlgoLoam project<\/h4><p class=\"elementor-image-box-description\">Modern building materials contribute to high levels of greenhouse gas emissions and rely mostly on non-renewable resources, generating significant waste and harming the environment. The challenge is to find environmentally friendly materials that work well in the construction industry.\n\nThe EIC-funded AlgoLoam project tackles this problem by creating Loam Walls with algorithmically generated 3D natural fiber reinforcements. These walls use only natural, biodegradable materials and are designed to be self-supporting and lightweight.\n\nAn interdisciplinary team of experts develops these walls through digital modeling, experimental testing and sustainable manufacturing processes.\n\nThe team is exploring a number of applications in architecture and interior design with the potential to reduce greenhouse gas emissions in new buildings.<\/p><\/div><\/div>\t\t\t\t<\/div>\n\t\t\t\t<\/div>\n\t\t\t\t\t<\/div>\n\t\t<\/div>\n\t\t\t\t<div class=\"elementor-column elementor-col-50 elementor-top-column elementor-element elementor-element-36df2cd0\" data-id=\"36df2cd0\" data-element_type=\"column\" data-e-type=\"column\">\n\t\t\t<div class=\"elementor-widget-wrap elementor-element-populated\">\n\t\t\t\t\t\t<div class=\"elementor-element elementor-element-32329dd0 elementor-position-top elementor-widget elementor-widget-image-box\" data-id=\"32329dd0\" data-element_type=\"widget\" data-e-type=\"widget\" id=\"projekat1\" data-widget_type=\"image-box.default\">\n\t\t\t\t<div class=\"elementor-widget-container\">\n\t\t\t\t\t<div class=\"elementor-image-box-wrapper\"><figure class=\"elementor-image-box-img\"><img decoding=\"async\" width=\"1097\" height=\"627\" src=\"https:\/\/jazzingautomation.com\/wp-content\/uploads\/2025\/05\/AlgoLoam2.jpg\" class=\"attachment-full size-full wp-image-1510\" alt=\"\" srcset=\"https:\/\/jazzingautomation.com\/wp-content\/uploads\/2025\/05\/AlgoLoam2.jpg 1097w, https:\/\/jazzingautomation.com\/wp-content\/uploads\/2025\/05\/AlgoLoam2-300x171.jpg 300w, https:\/\/jazzingautomation.com\/wp-content\/uploads\/2025\/05\/AlgoLoam2-1024x585.jpg 1024w, https:\/\/jazzingautomation.com\/wp-content\/uploads\/2025\/05\/AlgoLoam2-768x439.jpg 768w, https:\/\/jazzingautomation.com\/wp-content\/uploads\/2025\/05\/AlgoLoam2-18x10.jpg 18w\" sizes=\"(max-width: 1097px) 100vw, 1097px\" \/><\/figure><\/div>\t\t\t\t<\/div>\n\t\t\t\t<\/div>\n\t\t\t\t\t<\/div>\n\t\t<\/div>\n\t\t\t\t\t<\/div>\n\t\t<\/section>\n\t\t\t\t<section class=\"elementor-section elementor-top-section elementor-element elementor-element-924590d elementor-section-content-top elementor-section-boxed elementor-section-height-default elementor-section-height-default\" data-id=\"924590d\" data-element_type=\"section\" data-e-type=\"section\" data-settings=\"{&quot;background_background&quot;:&quot;classic&quot;}\">\n\t\t\t\t\t\t<div class=\"elementor-container elementor-column-gap-no\">\n\t\t\t\t\t<div class=\"elementor-column elementor-col-50 elementor-top-column elementor-element elementor-element-7f8188a9\" data-id=\"7f8188a9\" data-element_type=\"column\" data-e-type=\"column\">\n\t\t\t<div class=\"elementor-widget-wrap\">\n\t\t\t\t\t\t\t<\/div>\n\t\t<\/div>\n\t\t\t\t<div class=\"elementor-column elementor-col-50 elementor-top-column elementor-element elementor-element-afb8389\" data-id=\"afb8389\" data-element_type=\"column\" data-e-type=\"column\">\n\t\t\t<div class=\"elementor-widget-wrap\">\n\t\t\t\t\t\t\t<\/div>\n\t\t<\/div>\n\t\t\t\t\t<\/div>\n\t\t<\/section>\n\t\t\t\t<\/div>","protected":false},"excerpt":{"rendered":"<p>Projekat AlgoLoam Moderni gra\u0111evinski materijali doprinose visokim nivoima emisije gasova sa efektom staklene ba\u0161te i uglavnom se oslanjaju na nenadoknadive resurse, \u010dime generi\u0161u zna\u010dajan otpad i \u0161tete \u017eivotnoj sredini. Izazov je prona\u0107i ekolo\u0161ki prihvatljive materijale koji dobro funkcioni\u0161u u gra\u0111evinskoj industriji. Projekat AlgoLoam, koji finansira EIC, bavi se ovim problemom stvaranjem Loam Walls zidova sa [&hellip;]<\/p>\n","protected":false},"author":1,"featured_media":0,"parent":0,"menu_order":0,"comment_status":"closed","ping_status":"closed","template":"","meta":{"om_disable_all_campaigns":false,"_uag_custom_page_level_css":"","_monsterinsights_skip_tracking":false,"_monsterinsights_sitenote_active":false,"_monsterinsights_sitenote_note":"","_monsterinsights_sitenote_category":0,"site-sidebar-layout":"no-sidebar","site-content-layout":"page-builder","ast-site-content-layout":"full-width-container","site-content-style":"default","site-sidebar-style":"default","ast-global-header-display":"","ast-banner-title-visibility":"","ast-main-header-display":"","ast-hfb-above-header-display":"","ast-hfb-below-header-display":"","ast-hfb-mobile-header-display":"","site-post-title":"disabled","ast-breadcrumbs-content":"","ast-featured-img":"disabled","footer-sml-layout":"","ast-disable-related-posts":"","theme-transparent-header-meta":"","adv-header-id-meta":"","stick-header-meta":"","header-above-stick-meta":"","header-main-stick-meta":"","header-below-stick-meta":"","astra-migrate-meta-layouts":"set","ast-page-background-enabled":"default","ast-page-background-meta":{"desktop":{"background-color":"","background-image":"","background-repeat":"repeat","background-position":"center center","background-size":"auto","background-attachment":"scroll","background-type":"","background-media":"","overlay-type":"","overlay-color":"","overlay-gradient":""},"tablet":{"background-color":"","background-image":"","background-repeat":"repeat","background-position":"center center","background-size":"auto","background-attachment":"scroll","background-type":"","background-media":"","overlay-type":"","overlay-color":"","overlay-gradient":""},"mobile":{"background-color":"","background-image":"","background-repeat":"repeat","background-position":"center center","background-size":"auto","background-attachment":"scroll","background-type":"","background-media":"","overlay-type":"","overlay-color":"","overlay-gradient":""}},"ast-content-background-meta":{"desktop":{"background-color":"var(--ast-global-color-5)","background-image":"","background-repeat":"repeat","background-position":"center center","background-size":"auto","background-attachment":"scroll","background-type":"","background-media":"","overlay-type":"","overlay-color":"","overlay-gradient":""},"tablet":{"background-color":"var(--ast-global-color-5)","background-image":"","background-repeat":"repeat","background-position":"center center","background-size":"auto","background-attachment":"scroll","background-type":"","background-media":"","overlay-type":"","overlay-color":"","overlay-gradient":""},"mobile":{"background-color":"var(--ast-global-color-5)","background-image":"","background-repeat":"repeat","background-position":"center center","background-size":"auto","background-attachment":"scroll","background-type":"","background-media":"","overlay-type":"","overlay-color":"","overlay-gradient":""}},"footnotes":""},"class_list":["post-1498","page","type-page","status-publish","hentry"],"aioseo_notices":[],"uagb_featured_image_src":{"full":false,"thumbnail":false,"medium":false,"medium_large":false,"large":false,"1536x1536":false,"2048x2048":false,"trp-custom-language-flag":false,"qi_addons_for_elementor_image_size_square":false,"qi_addons_for_elementor_image_size_landscape":false,"qi_addons_for_elementor_image_size_portrait":false,"qi_addons_for_elementor_image_size_huge-square":false},"uagb_author_info":{"display_name":"vidovicbrankopm@gmail.com","author_link":"https:\/\/jazzingautomation.com\/en\/author\/vidovicbrankopmgmail-com\/"},"uagb_comment_info":0,"uagb_excerpt":"Projekat AlgoLoam Moderni gra\u0111evinski materijali doprinose visokim nivoima emisije gasova sa efektom staklene ba\u0161te i uglavnom se oslanjaju na nenadoknadive resurse, \u010dime generi\u0161u zna\u010dajan otpad i \u0161tete \u017eivotnoj sredini. Izazov je prona\u0107i ekolo\u0161ki prihvatljive materijale koji dobro funkcioni\u0161u u gra\u0111evinskoj industriji. Projekat AlgoLoam, koji finansira EIC, bavi se ovim problemom stvaranjem Loam Walls zidova sa&hellip;","_links":{"self":[{"href":"https:\/\/jazzingautomation.com\/en\/wp-json\/wp\/v2\/pages\/1498","targetHints":{"allow":["GET"]}}],"collection":[{"href":"https:\/\/jazzingautomation.com\/en\/wp-json\/wp\/v2\/pages"}],"about":[{"href":"https:\/\/jazzingautomation.com\/en\/wp-json\/wp\/v2\/types\/page"}],"author":[{"embeddable":true,"href":"https:\/\/jazzingautomation.com\/en\/wp-json\/wp\/v2\/users\/1"}],"replies":[{"embeddable":true,"href":"https:\/\/jazzingautomation.com\/en\/wp-json\/wp\/v2\/comments?post=1498"}],"version-history":[{"count":10,"href":"https:\/\/jazzingautomation.com\/en\/wp-json\/wp\/v2\/pages\/1498\/revisions"}],"predecessor-version":[{"id":1573,"href":"https:\/\/jazzingautomation.com\/en\/wp-json\/wp\/v2\/pages\/1498\/revisions\/1573"}],"wp:attachment":[{"href":"https:\/\/jazzingautomation.com\/en\/wp-json\/wp\/v2\/media?parent=1498"}],"curies":[{"name":"wp","href":"https:\/\/api.w.org\/{rel}","templated":true}]}}