{"id":1503,"date":"2025-05-06T15:17:32","date_gmt":"2025-05-06T15:17:32","guid":{"rendered":"https:\/\/jazzingautomation.com\/?page_id=1503"},"modified":"2025-05-07T15:46:35","modified_gmt":"2025-05-07T15:46:35","slug":"projekat8","status":"publish","type":"page","link":"https:\/\/jazzingautomation.com\/en\/projekat8\/","title":{"rendered":"projekat8"},"content":{"rendered":"<div data-elementor-type=\"wp-page\" data-elementor-id=\"1503\" class=\"elementor elementor-1503\">\n\t\t\t\t\t\t<section class=\"elementor-section elementor-top-section elementor-element elementor-element-6c1a6a21 elementor-section-content-middle elementor-section-boxed elementor-section-height-default elementor-section-height-default\" data-id=\"6c1a6a21\" data-element_type=\"section\" data-e-type=\"section\" data-settings=\"{&quot;background_background&quot;:&quot;classic&quot;}\">\n\t\t\t\t\t\t\t<div class=\"elementor-background-overlay\"><\/div>\n\t\t\t\t\t\t\t<div class=\"elementor-container elementor-column-gap-no\">\n\t\t\t\t\t<div class=\"elementor-column elementor-col-100 elementor-top-column elementor-element elementor-element-13b759df\" data-id=\"13b759df\" data-element_type=\"column\" data-e-type=\"column\">\n\t\t\t<div class=\"elementor-widget-wrap elementor-element-populated\">\n\t\t\t\t\t\t\t<\/div>\n\t\t<\/div>\n\t\t\t\t\t<\/div>\n\t\t<\/section>\n\t\t\t\t<section class=\"elementor-section elementor-top-section elementor-element elementor-element-c1b4751 elementor-section-content-top elementor-section-boxed elementor-section-height-default elementor-section-height-default\" data-id=\"c1b4751\" data-element_type=\"section\" data-e-type=\"section\" data-settings=\"{&quot;background_background&quot;:&quot;classic&quot;}\">\n\t\t\t\t\t\t<div class=\"elementor-container elementor-column-gap-no\">\n\t\t\t\t\t<div class=\"elementor-column elementor-col-50 elementor-top-column elementor-element elementor-element-10872631\" data-id=\"10872631\" data-element_type=\"column\" data-e-type=\"column\">\n\t\t\t<div class=\"elementor-widget-wrap elementor-element-populated\">\n\t\t\t\t\t\t<div class=\"elementor-element elementor-element-28e97056 elementor-position-top elementor-widget elementor-widget-image-box\" data-id=\"28e97056\" data-element_type=\"widget\" data-e-type=\"widget\" id=\"projekat2\" data-widget_type=\"image-box.default\">\n\t\t\t\t<div class=\"elementor-widget-container\">\n\t\t\t\t\t<div class=\"elementor-image-box-wrapper\"><figure class=\"elementor-image-box-img\"><img fetchpriority=\"high\" decoding=\"async\" width=\"1280\" height=\"849\" src=\"https:\/\/jazzingautomation.com\/wp-content\/uploads\/2025\/05\/j8a.jpg\" class=\"attachment-full size-full wp-image-1554\" alt=\"\" srcset=\"https:\/\/jazzingautomation.com\/wp-content\/uploads\/2025\/05\/j8a.jpg 1280w, https:\/\/jazzingautomation.com\/wp-content\/uploads\/2025\/05\/j8a-300x199.jpg 300w, https:\/\/jazzingautomation.com\/wp-content\/uploads\/2025\/05\/j8a-1024x679.jpg 1024w, https:\/\/jazzingautomation.com\/wp-content\/uploads\/2025\/05\/j8a-768x509.jpg 768w, https:\/\/jazzingautomation.com\/wp-content\/uploads\/2025\/05\/j8a-18x12.jpg 18w\" sizes=\"(max-width: 1280px) 100vw, 1280px\" \/><\/figure><div class=\"elementor-image-box-content\"><h4 class=\"elementor-image-box-title\">Hercules 9 CNC pipe bending machine<\/h4><p class=\"elementor-image-box-description\">The Hercules 9 is an innovative nine-axis CNC pipe bending machine, designed to deliver exceptional precision and efficiency. This machine is distinguished by the fact that it contains 11 servo motors and operates completely without hydraulics, which allows better control and reduces the need for maintenance.\nJazzing Automation developed a complete solution for the Hercules 9, including software, hardware and complete mechanics, creating a machine that delivers high levels of performance, reliability and energy efficiency.<\/p><\/div><\/div>\t\t\t\t<\/div>\n\t\t\t\t<\/div>\n\t\t\t\t\t<\/div>\n\t\t<\/div>\n\t\t\t\t<div class=\"elementor-column elementor-col-50 elementor-top-column elementor-element elementor-element-2239faa0\" data-id=\"2239faa0\" data-element_type=\"column\" data-e-type=\"column\">\n\t\t\t<div class=\"elementor-widget-wrap elementor-element-populated\">\n\t\t\t\t\t\t<div class=\"elementor-element elementor-element-525faee5 elementor-position-top elementor-widget elementor-widget-image-box\" data-id=\"525faee5\" data-element_type=\"widget\" data-e-type=\"widget\" id=\"projekat1\" data-widget_type=\"image-box.default\">\n\t\t\t\t<div class=\"elementor-widget-container\">\n\t\t\t\t\t<div class=\"elementor-image-box-wrapper\"><figure class=\"elementor-image-box-img\"><img decoding=\"async\" width=\"1280\" height=\"849\" src=\"https:\/\/jazzingautomation.com\/wp-content\/uploads\/2025\/05\/j4a.jpg\" class=\"attachment-full size-full wp-image-1553\" alt=\"\" srcset=\"https:\/\/jazzingautomation.com\/wp-content\/uploads\/2025\/05\/j4a.jpg 1280w, https:\/\/jazzingautomation.com\/wp-content\/uploads\/2025\/05\/j4a-300x199.jpg 300w, https:\/\/jazzingautomation.com\/wp-content\/uploads\/2025\/05\/j4a-1024x679.jpg 1024w, https:\/\/jazzingautomation.com\/wp-content\/uploads\/2025\/05\/j4a-768x509.jpg 768w, https:\/\/jazzingautomation.com\/wp-content\/uploads\/2025\/05\/j4a-18x12.jpg 18w\" sizes=\"(max-width: 1280px) 100vw, 1280px\" \/><\/figure><\/div>\t\t\t\t<\/div>\n\t\t\t\t<\/div>\n\t\t\t\t\t<\/div>\n\t\t<\/div>\n\t\t\t\t\t<\/div>\n\t\t<\/section>\n\t\t\t\t<section class=\"elementor-section elementor-top-section elementor-element elementor-element-8004d68 elementor-section-content-top elementor-section-boxed elementor-section-height-default elementor-section-height-default\" data-id=\"8004d68\" data-element_type=\"section\" data-e-type=\"section\" data-settings=\"{&quot;background_background&quot;:&quot;classic&quot;}\">\n\t\t\t\t\t\t<div class=\"elementor-container elementor-column-gap-no\">\n\t\t\t\t\t<div class=\"elementor-column elementor-col-50 elementor-top-column elementor-element elementor-element-32680822\" data-id=\"32680822\" data-element_type=\"column\" data-e-type=\"column\">\n\t\t\t<div class=\"elementor-widget-wrap elementor-element-populated\">\n\t\t\t\t\t\t<div class=\"elementor-element elementor-element-309b78de elementor-position-top elementor-widget elementor-widget-image-box\" data-id=\"309b78de\" data-element_type=\"widget\" data-e-type=\"widget\" data-widget_type=\"image-box.default\">\n\t\t\t\t<div class=\"elementor-widget-container\">\n\t\t\t\t\t<div class=\"elementor-image-box-wrapper\"><figure class=\"elementor-image-box-img\"><img decoding=\"async\" width=\"1280\" height=\"849\" src=\"https:\/\/jazzingautomation.com\/wp-content\/uploads\/2025\/05\/j2a.jpg\" class=\"attachment-full size-full wp-image-1552\" alt=\"\" srcset=\"https:\/\/jazzingautomation.com\/wp-content\/uploads\/2025\/05\/j2a.jpg 1280w, https:\/\/jazzingautomation.com\/wp-content\/uploads\/2025\/05\/j2a-300x199.jpg 300w, https:\/\/jazzingautomation.com\/wp-content\/uploads\/2025\/05\/j2a-1024x679.jpg 1024w, https:\/\/jazzingautomation.com\/wp-content\/uploads\/2025\/05\/j2a-768x509.jpg 768w, https:\/\/jazzingautomation.com\/wp-content\/uploads\/2025\/05\/j2a-18x12.jpg 18w\" sizes=\"(max-width: 1280px) 100vw, 1280px\" \/><\/figure><\/div>\t\t\t\t<\/div>\n\t\t\t\t<\/div>\n\t\t\t\t\t<\/div>\n\t\t<\/div>\n\t\t\t\t<div class=\"elementor-column elementor-col-50 elementor-top-column elementor-element elementor-element-4def1761\" data-id=\"4def1761\" data-element_type=\"column\" data-e-type=\"column\">\n\t\t\t<div class=\"elementor-widget-wrap elementor-element-populated\">\n\t\t\t\t\t\t<div class=\"elementor-element elementor-element-19306b36 elementor-widget elementor-widget-video\" data-id=\"19306b36\" data-element_type=\"widget\" data-e-type=\"widget\" data-settings=\"{&quot;youtube_url&quot;:&quot;https:\\\/\\\/www.youtube.com\\\/watch?v=3Yb0tjZ-Krs&quot;,&quot;video_type&quot;:&quot;youtube&quot;,&quot;controls&quot;:&quot;yes&quot;}\" data-widget_type=\"video.default\">\n\t\t\t\t<div class=\"elementor-widget-container\">\n\t\t\t\t\t\t\t<div class=\"elementor-wrapper elementor-open-inline\">\n\t\t\t<div class=\"elementor-video\"><\/div>\t\t<\/div>\n\t\t\t\t\t\t<\/div>\n\t\t\t\t<\/div>\n\t\t\t\t\t<\/div>\n\t\t<\/div>\n\t\t\t\t\t<\/div>\n\t\t<\/section>\n\t\t\t\t<\/div>","protected":false},"excerpt":{"rendered":"<p>CNC ma\u0161ina za savijanje cevi Hercules 9 Hercules 9 je inovativna devetoosna CNC ma\u0161ina za savijanje cevi, dizajnirana da pru\u017ei izuzetnu preciznost i efikasnost. Ova ma\u0161ina se izdvaja po tome \u0161to sadr\u017ei 11 servo motora i radi potpuno bez hidraulike, \u010dime omogu\u0107ava bolju kontrolu i smanjuje potrebu za odr\u017eavanjem. Kompanija Jazzing Automation je razvila kompletno [&hellip;]<\/p>\n","protected":false},"author":1,"featured_media":0,"parent":0,"menu_order":0,"comment_status":"closed","ping_status":"closed","template":"","meta":{"om_disable_all_campaigns":false,"_uag_custom_page_level_css":"","_monsterinsights_skip_tracking":false,"_monsterinsights_sitenote_active":false,"_monsterinsights_sitenote_note":"","_monsterinsights_sitenote_category":0,"site-sidebar-layout":"no-sidebar","site-content-layout":"page-builder","ast-site-content-layout":"full-width-container","site-content-style":"default","site-sidebar-style":"default","ast-global-header-display":"","ast-banner-title-visibility":"","ast-main-header-display":"","ast-hfb-above-header-display":"","ast-hfb-below-header-display":"","ast-hfb-mobile-header-display":"","site-post-title":"disabled","ast-breadcrumbs-content":"","ast-featured-img":"disabled","footer-sml-layout":"","ast-disable-related-posts":"","theme-transparent-header-meta":"","adv-header-id-meta":"","stick-header-meta":"","header-above-stick-meta":"","header-main-stick-meta":"","header-below-stick-meta":"","astra-migrate-meta-layouts":"set","ast-page-background-enabled":"default","ast-page-background-meta":{"desktop":{"background-color":"","background-image":"","background-repeat":"repeat","background-position":"center center","background-size":"auto","background-attachment":"scroll","background-type":"","background-media":"","overlay-type":"","overlay-color":"","overlay-gradient":""},"tablet":{"background-color":"","background-image":"","background-repeat":"repeat","background-position":"center center","background-size":"auto","background-attachment":"scroll","background-type":"","background-media":"","overlay-type":"","overlay-color":"","overlay-gradient":""},"mobile":{"background-color":"","background-image":"","background-repeat":"repeat","background-position":"center center","background-size":"auto","background-attachment":"scroll","background-type":"","background-media":"","overlay-type":"","overlay-color":"","overlay-gradient":""}},"ast-content-background-meta":{"desktop":{"background-color":"var(--ast-global-color-5)","background-image":"","background-repeat":"repeat","background-position":"center center","background-size":"auto","background-attachment":"scroll","background-type":"","background-media":"","overlay-type":"","overlay-color":"","overlay-gradient":""},"tablet":{"background-color":"var(--ast-global-color-5)","background-image":"","background-repeat":"repeat","background-position":"center center","background-size":"auto","background-attachment":"scroll","background-type":"","background-media":"","overlay-type":"","overlay-color":"","overlay-gradient":""},"mobile":{"background-color":"var(--ast-global-color-5)","background-image":"","background-repeat":"repeat","background-position":"center center","background-size":"auto","background-attachment":"scroll","background-type":"","background-media":"","overlay-type":"","overlay-color":"","overlay-gradient":""}},"footnotes":""},"class_list":["post-1503","page","type-page","status-publish","hentry"],"aioseo_notices":[],"uagb_featured_image_src":{"full":false,"thumbnail":false,"medium":false,"medium_large":false,"large":false,"1536x1536":false,"2048x2048":false,"trp-custom-language-flag":false,"qi_addons_for_elementor_image_size_square":false,"qi_addons_for_elementor_image_size_landscape":false,"qi_addons_for_elementor_image_size_portrait":false,"qi_addons_for_elementor_image_size_huge-square":false},"uagb_author_info":{"display_name":"vidovicbrankopm@gmail.com","author_link":"https:\/\/jazzingautomation.com\/en\/author\/vidovicbrankopmgmail-com\/"},"uagb_comment_info":0,"uagb_excerpt":"CNC ma\u0161ina za savijanje cevi Hercules 9 Hercules 9 je inovativna devetoosna CNC ma\u0161ina za savijanje cevi, dizajnirana da pru\u017ei izuzetnu preciznost i efikasnost. Ova ma\u0161ina se izdvaja po tome \u0161to sadr\u017ei 11 servo motora i radi potpuno bez hidraulike, \u010dime omogu\u0107ava bolju kontrolu i smanjuje potrebu za odr\u017eavanjem. Kompanija Jazzing Automation je razvila kompletno&hellip;","_links":{"self":[{"href":"https:\/\/jazzingautomation.com\/en\/wp-json\/wp\/v2\/pages\/1503","targetHints":{"allow":["GET"]}}],"collection":[{"href":"https:\/\/jazzingautomation.com\/en\/wp-json\/wp\/v2\/pages"}],"about":[{"href":"https:\/\/jazzingautomation.com\/en\/wp-json\/wp\/v2\/types\/page"}],"author":[{"embeddable":true,"href":"https:\/\/jazzingautomation.com\/en\/wp-json\/wp\/v2\/users\/1"}],"replies":[{"embeddable":true,"href":"https:\/\/jazzingautomation.com\/en\/wp-json\/wp\/v2\/comments?post=1503"}],"version-history":[{"count":10,"href":"https:\/\/jazzingautomation.com\/en\/wp-json\/wp\/v2\/pages\/1503\/revisions"}],"predecessor-version":[{"id":1563,"href":"https:\/\/jazzingautomation.com\/en\/wp-json\/wp\/v2\/pages\/1503\/revisions\/1563"}],"wp:attachment":[{"href":"https:\/\/jazzingautomation.com\/en\/wp-json\/wp\/v2\/media?parent=1503"}],"curies":[{"name":"wp","href":"https:\/\/api.w.org\/{rel}","templated":true}]}}