{"id":169,"date":"2018-11-26T12:45:57","date_gmt":"2018-11-26T12:45:57","guid":{"rendered":"http:\/\/jazzingautomation.com\/index.php\/about\/"},"modified":"2023-10-02T10:24:15","modified_gmt":"2023-10-02T10:24:15","slug":"about","status":"publish","type":"page","link":"https:\/\/jazzingautomation.com\/en\/about\/","title":{"rendered":"About us"},"content":{"rendered":"<div data-elementor-type=\"wp-post\" data-elementor-id=\"169\" class=\"elementor elementor-169\">\n\t\t\t\t\t\t<section class=\"elementor-section elementor-top-section elementor-element elementor-element-688ad38 elementor-section-content-middle elementor-section-boxed elementor-section-height-default elementor-section-height-default\" data-id=\"688ad38\" data-element_type=\"section\" data-e-type=\"section\" data-settings=\"{&quot;background_background&quot;:&quot;classic&quot;}\">\n\t\t\t\t\t\t\t<div class=\"elementor-background-overlay\"><\/div>\n\t\t\t\t\t\t\t<div class=\"elementor-container elementor-column-gap-no\">\n\t\t\t\t\t<div class=\"elementor-column elementor-col-100 elementor-top-column elementor-element elementor-element-148e58a\" data-id=\"148e58a\" data-element_type=\"column\" data-e-type=\"column\">\n\t\t\t<div class=\"elementor-widget-wrap elementor-element-populated\">\n\t\t\t\t\t\t\t<\/div>\n\t\t<\/div>\n\t\t\t\t\t<\/div>\n\t\t<\/section>\n\t\t\t\t<section class=\"elementor-section elementor-top-section elementor-element elementor-element-303906c elementor-section-content-top elementor-section-boxed elementor-section-height-default elementor-section-height-default\" data-id=\"303906c\" data-element_type=\"section\" data-e-type=\"section\">\n\t\t\t\t\t\t<div class=\"elementor-container elementor-column-gap-no\">\n\t\t\t\t\t<div class=\"elementor-column elementor-col-50 elementor-top-column elementor-element elementor-element-79e7669\" data-id=\"79e7669\" data-element_type=\"column\" data-e-type=\"column\">\n\t\t\t<div class=\"elementor-widget-wrap elementor-element-populated\">\n\t\t\t\t\t\t<div class=\"elementor-element elementor-element-66fddf5 elementor-widget elementor-widget-image\" data-id=\"66fddf5\" data-element_type=\"widget\" data-e-type=\"widget\" data-widget_type=\"image.default\">\n\t\t\t\t<div class=\"elementor-widget-container\">\n\t\t\t\t\t\t\t\t\t\t\t\t\t\t\t<img fetchpriority=\"high\" decoding=\"async\" width=\"512\" height=\"512\" src=\"https:\/\/jazzingautomation.com\/wp-content\/uploads\/2023\/03\/cropped-logoc.png\" class=\"attachment-large size-large wp-image-1143\" alt=\"\" srcset=\"https:\/\/jazzingautomation.com\/wp-content\/uploads\/2023\/03\/cropped-logoc.png 512w, https:\/\/jazzingautomation.com\/wp-content\/uploads\/2023\/03\/cropped-logoc-300x300.png 300w, https:\/\/jazzingautomation.com\/wp-content\/uploads\/2023\/03\/cropped-logoc-150x150.png 150w\" sizes=\"(max-width: 512px) 100vw, 512px\" \/>\t\t\t\t\t\t\t\t\t\t\t\t\t\t\t<\/div>\n\t\t\t\t<\/div>\n\t\t\t\t\t<\/div>\n\t\t<\/div>\n\t\t\t\t<div class=\"elementor-column elementor-col-50 elementor-top-column elementor-element elementor-element-d067b90\" data-id=\"d067b90\" data-element_type=\"column\" data-e-type=\"column\">\n\t\t\t<div class=\"elementor-widget-wrap elementor-element-populated\">\n\t\t\t\t\t\t<div class=\"elementor-element elementor-element-c3c1f36 elementor-widget elementor-widget-heading\" data-id=\"c3c1f36\" data-element_type=\"widget\" data-e-type=\"widget\" data-widget_type=\"heading.default\">\n\t\t\t\t<div class=\"elementor-widget-container\">\n\t\t\t\t\t<h3 class=\"elementor-heading-title elementor-size-default\">The art of automation<\/h3>\t\t\t\t<\/div>\n\t\t\t\t<\/div>\n\t\t\t\t<div class=\"elementor-element elementor-element-a2dcc47 elementor-widget elementor-widget-text-editor\" data-id=\"a2dcc47\" data-element_type=\"widget\" data-e-type=\"widget\" data-widget_type=\"text-editor.default\">\n\t\t\t\t<div class=\"elementor-widget-container\">\n\t\t\t\t\t\t\t\t\t<p>The Jazzing automation company has been dealing with various forms of automation for many years, mostly automation in production processes. What, among other things, sets Jazzing automation apart from the competition is the way it solves problems. Each problem is approached with full attention, with a lot of work invested in the deconstruction of the problem, with a dose of improvisation and passion as well as expert knowledge of various engineering fields. Hence the name Jazzing automation. The team of people that makes up Jazzing automation is first of all professional, then energetic, dedicated to solving clients' problems, never gives up and has a large number of completed projects behind them.<\/p><p>Behind the Jazzing automation company is a large number of automatic machines, \"retrofits\", major overhauls, repairs and upgrades of machines and automatic machines from various branches of industry such as the textile industry, metal processing, wood processing industry, etc.<\/p>\t\t\t\t\t\t\t\t<\/div>\n\t\t\t\t<\/div>\n\t\t\t\t\t<\/div>\n\t\t<\/div>\n\t\t\t\t\t<\/div>\n\t\t<\/section>\n\t\t\t\t<\/div>","protected":false},"excerpt":{"rendered":"<p>Umetnost automatizacije Kompanija Jazzing automation se bavi raznim oblicima automatizacije, a najvi\u0161e automatizacijom u proizvodnim procesima. Ono \u0161to, izme\u0111u ostalog, Jazzing automation izdvaja od konkurencije je na\u010din re\u0161avanja problema. Svakom problemu se pristupa sa punom pa\u017enjom, uz mnogo ulo\u017eenog rada na dekonstrukciji problema, dozu improvizacije i strasti kao i ekspertskog poznavanja razli\u010ditih in\u017eenjerskih oblasti. Otuda [&hellip;]<\/p>\n","protected":false},"author":1,"featured_media":0,"parent":0,"menu_order":0,"comment_status":"closed","ping_status":"closed","template":"","meta":{"om_disable_all_campaigns":false,"_uag_custom_page_level_css":"","_monsterinsights_skip_tracking":false,"_monsterinsights_sitenote_active":false,"_monsterinsights_sitenote_note":"","_monsterinsights_sitenote_category":0,"site-sidebar-layout":"no-sidebar","site-content-layout":"page-builder","ast-site-content-layout":"full-width-container","site-content-style":"unboxed","site-sidebar-style":"unboxed","ast-global-header-display":"","ast-banner-title-visibility":"","ast-main-header-display":"","ast-hfb-above-header-display":"","ast-hfb-below-header-display":"","ast-hfb-mobile-header-display":"","site-post-title":"disabled","ast-breadcrumbs-content":"","ast-featured-img":"disabled","footer-sml-layout":"","ast-disable-related-posts":"","theme-transparent-header-meta":"enabled","adv-header-id-meta":"","stick-header-meta":"","header-above-stick-meta":"","header-main-stick-meta":"","header-below-stick-meta":"","astra-migrate-meta-layouts":"set","ast-page-background-enabled":"default","ast-page-background-meta":{"desktop":{"background-color":"","background-image":"","background-repeat":"repeat","background-position":"center center","background-size":"auto","background-attachment":"scroll","background-type":"","background-media":"","overlay-type":"","overlay-color":"","overlay-opacity":"","overlay-gradient":""},"tablet":{"background-color":"","background-image":"","background-repeat":"repeat","background-position":"center center","background-size":"auto","background-attachment":"scroll","background-type":"","background-media":"","overlay-type":"","overlay-color":"","overlay-opacity":"","overlay-gradient":""},"mobile":{"background-color":"","background-image":"","background-repeat":"repeat","background-position":"center center","background-size":"auto","background-attachment":"scroll","background-type":"","background-media":"","overlay-type":"","overlay-color":"","overlay-opacity":"","overlay-gradient":""}},"ast-content-background-meta":{"desktop":{"background-color":"var(--ast-global-color-5)","background-image":"","background-repeat":"repeat","background-position":"center center","background-size":"auto","background-attachment":"scroll","background-type":"","background-media":"","overlay-type":"","overlay-color":"","overlay-opacity":"","overlay-gradient":""},"tablet":{"background-color":"var(--ast-global-color-5)","background-image":"","background-repeat":"repeat","background-position":"center center","background-size":"auto","background-attachment":"scroll","background-type":"","background-media":"","overlay-type":"","overlay-color":"","overlay-opacity":"","overlay-gradient":""},"mobile":{"background-color":"var(--ast-global-color-5)","background-image":"","background-repeat":"repeat","background-position":"center center","background-size":"auto","background-attachment":"scroll","background-type":"","background-media":"","overlay-type":"","overlay-color":"","overlay-opacity":"","overlay-gradient":""}},"footnotes":""},"class_list":["post-169","page","type-page","status-publish","hentry"],"aioseo_notices":[],"uagb_featured_image_src":{"full":false,"thumbnail":false,"medium":false,"medium_large":false,"large":false,"1536x1536":false,"2048x2048":false,"trp-custom-language-flag":false,"qi_addons_for_elementor_image_size_square":false,"qi_addons_for_elementor_image_size_landscape":false,"qi_addons_for_elementor_image_size_portrait":false,"qi_addons_for_elementor_image_size_huge-square":false},"uagb_author_info":{"display_name":"vidovicbrankopm@gmail.com","author_link":"https:\/\/jazzingautomation.com\/en\/author\/vidovicbrankopmgmail-com\/"},"uagb_comment_info":0,"uagb_excerpt":"Umetnost automatizacije Kompanija Jazzing automation se bavi raznim oblicima automatizacije, a najvi\u0161e automatizacijom u proizvodnim procesima. Ono \u0161to, izme\u0111u ostalog, Jazzing automation izdvaja od konkurencije je na\u010din re\u0161avanja problema. Svakom problemu se pristupa sa punom pa\u017enjom, uz mnogo ulo\u017eenog rada na dekonstrukciji problema, dozu improvizacije i strasti kao i ekspertskog poznavanja razli\u010ditih in\u017eenjerskih oblasti. Otuda&hellip;","_links":{"self":[{"href":"https:\/\/jazzingautomation.com\/en\/wp-json\/wp\/v2\/pages\/169","targetHints":{"allow":["GET"]}}],"collection":[{"href":"https:\/\/jazzingautomation.com\/en\/wp-json\/wp\/v2\/pages"}],"about":[{"href":"https:\/\/jazzingautomation.com\/en\/wp-json\/wp\/v2\/types\/page"}],"author":[{"embeddable":true,"href":"https:\/\/jazzingautomation.com\/en\/wp-json\/wp\/v2\/users\/1"}],"replies":[{"embeddable":true,"href":"https:\/\/jazzingautomation.com\/en\/wp-json\/wp\/v2\/comments?post=169"}],"version-history":[{"count":50,"href":"https:\/\/jazzingautomation.com\/en\/wp-json\/wp\/v2\/pages\/169\/revisions"}],"predecessor-version":[{"id":1400,"href":"https:\/\/jazzingautomation.com\/en\/wp-json\/wp\/v2\/pages\/169\/revisions\/1400"}],"wp:attachment":[{"href":"https:\/\/jazzingautomation.com\/en\/wp-json\/wp\/v2\/media?parent=169"}],"curies":[{"name":"wp","href":"https:\/\/api.w.org\/{rel}","templated":true}]}}