{"id":9,"date":"2018-11-26T12:46:44","date_gmt":"2018-11-26T12:46:44","guid":{"rendered":"http:\/\/jazzingautomation.com\/index.php\/projects\/"},"modified":"2025-05-07T19:06:35","modified_gmt":"2025-05-07T19:06:35","slug":"projects","status":"publish","type":"page","link":"https:\/\/jazzingautomation.com\/en\/projects\/","title":{"rendered":"Projects"},"content":{"rendered":"<div data-elementor-type=\"wp-post\" data-elementor-id=\"9\" class=\"elementor elementor-9\">\n\t\t\t\t\t\t<section class=\"elementor-section elementor-top-section elementor-element elementor-element-8e491de elementor-section-content-middle elementor-section-boxed elementor-section-height-default elementor-section-height-default\" data-id=\"8e491de\" data-element_type=\"section\" data-e-type=\"section\" data-settings=\"{&quot;background_background&quot;:&quot;classic&quot;}\">\n\t\t\t\t\t\t\t<div class=\"elementor-background-overlay\"><\/div>\n\t\t\t\t\t\t\t<div class=\"elementor-container elementor-column-gap-no\">\n\t\t\t\t\t<div class=\"elementor-column elementor-col-100 elementor-top-column elementor-element elementor-element-fb027eb\" data-id=\"fb027eb\" data-element_type=\"column\" data-e-type=\"column\">\n\t\t\t<div class=\"elementor-widget-wrap elementor-element-populated\">\n\t\t\t\t\t\t\t<\/div>\n\t\t<\/div>\n\t\t\t\t\t<\/div>\n\t\t<\/section>\n\t\t\t\t<section class=\"elementor-section elementor-top-section elementor-element elementor-element-ece91f5 elementor-section-boxed elementor-section-height-default elementor-section-height-default\" data-id=\"ece91f5\" data-element_type=\"section\" data-e-type=\"section\">\n\t\t\t\t\t\t<div class=\"elementor-container elementor-column-gap-default\">\n\t\t\t\t\t<div class=\"elementor-column elementor-col-100 elementor-top-column elementor-element elementor-element-5c38712\" data-id=\"5c38712\" data-element_type=\"column\" data-e-type=\"column\">\n\t\t\t<div class=\"elementor-widget-wrap elementor-element-populated\">\n\t\t\t\t\t\t<div class=\"elementor-element elementor-element-9d3ac3a elementor-widget elementor-widget-heading\" data-id=\"9d3ac3a\" data-element_type=\"widget\" data-e-type=\"widget\" data-widget_type=\"heading.default\">\n\t\t\t\t<div class=\"elementor-widget-container\">\n\t\t\t\t\t<h2 class=\"elementor-heading-title elementor-size-default\">Selected projects<\/h2>\t\t\t\t<\/div>\n\t\t\t\t<\/div>\n\t\t\t\t<div class=\"elementor-element elementor-element-ac491b3 elementor-widget elementor-widget-text-editor\" data-id=\"ac491b3\" data-element_type=\"widget\" data-e-type=\"widget\" data-widget_type=\"text-editor.default\">\n\t\t\t\t<div class=\"elementor-widget-container\">\n\t\t\t\t\t\t\t\t\t<p>Below are some of the projects on which Jazzing automation worked. Projects from different branches of the industry have been singled out in order to show the wide range of activities performed by the company Jazzing automation.<\/p>\t\t\t\t\t\t\t\t<\/div>\n\t\t\t\t<\/div>\n\t\t\t\t\t<\/div>\n\t\t<\/div>\n\t\t\t\t\t<\/div>\n\t\t<\/section>\n\t\t\t\t<section class=\"elementor-section elementor-top-section elementor-element elementor-element-deacf28 elementor-section-content-top elementor-section-boxed elementor-section-height-default elementor-section-height-default\" data-id=\"deacf28\" data-element_type=\"section\" data-e-type=\"section\" data-settings=\"{&quot;background_background&quot;:&quot;classic&quot;}\">\n\t\t\t\t\t\t<div class=\"elementor-container elementor-column-gap-no\">\n\t\t\t\t\t<div class=\"elementor-column elementor-col-50 elementor-top-column elementor-element elementor-element-532b1a3\" data-id=\"532b1a3\" data-element_type=\"column\" data-e-type=\"column\">\n\t\t\t<div class=\"elementor-widget-wrap elementor-element-populated\">\n\t\t\t\t\t\t<div class=\"elementor-element elementor-element-c08a795 elementor-position-top elementor-widget elementor-widget-image-box\" data-id=\"c08a795\" data-element_type=\"widget\" data-e-type=\"widget\" id=\"projekat1\" data-widget_type=\"image-box.default\">\n\t\t\t\t<div class=\"elementor-widget-container\">\n\t\t\t\t\t<div class=\"elementor-image-box-wrapper\"><figure class=\"elementor-image-box-img\"><a href=\"http:\/\/jazzingautomation.com\/index.php\/projekat1\" tabindex=\"-1\"><img fetchpriority=\"high\" decoding=\"async\" width=\"1280\" height=\"853\" src=\"https:\/\/jazzingautomation.com\/wp-content\/uploads\/2023\/03\/IMG_20201008_111318-1024x768b.jpg\" class=\"attachment-full size-full wp-image-1029\" alt=\"\" srcset=\"https:\/\/jazzingautomation.com\/wp-content\/uploads\/2023\/03\/IMG_20201008_111318-1024x768b.jpg 1280w, https:\/\/jazzingautomation.com\/wp-content\/uploads\/2023\/03\/IMG_20201008_111318-1024x768b-300x200.jpg 300w, https:\/\/jazzingautomation.com\/wp-content\/uploads\/2023\/03\/IMG_20201008_111318-1024x768b-1024x682.jpg 1024w, https:\/\/jazzingautomation.com\/wp-content\/uploads\/2023\/03\/IMG_20201008_111318-1024x768b-768x512.jpg 768w\" sizes=\"(max-width: 1280px) 100vw, 1280px\" \/><\/a><\/figure><div class=\"elementor-image-box-content\"><h4 class=\"elementor-image-box-title\"><a href=\"http:\/\/jazzingautomation.com\/index.php\/projekat1\">Sponge cutting machine<\/a><\/h4><p class=\"elementor-image-box-description\">The coordinate machine for sponge cutting was made for the company Sofa Style from Majdanpek. A complete \"retrofit\" of electronics and automation was made, along with the design of new hardware, which basic component is processor with ARM architecture and dedicated software. An overhaul of the mechanics of the machine was also carried out.<\/p><\/div><\/div>\t\t\t\t<\/div>\n\t\t\t\t<\/div>\n\t\t\t\t\t<\/div>\n\t\t<\/div>\n\t\t\t\t<div class=\"elementor-column elementor-col-50 elementor-top-column elementor-element elementor-element-783a841\" data-id=\"783a841\" data-element_type=\"column\" data-e-type=\"column\">\n\t\t\t<div class=\"elementor-widget-wrap elementor-element-populated\">\n\t\t\t\t\t\t<div class=\"elementor-element elementor-element-91d7a6b elementor-position-top elementor-widget elementor-widget-image-box\" data-id=\"91d7a6b\" data-element_type=\"widget\" data-e-type=\"widget\" id=\"projekat2\" data-widget_type=\"image-box.default\">\n\t\t\t\t<div class=\"elementor-widget-container\">\n\t\t\t\t\t<div class=\"elementor-image-box-wrapper\"><figure class=\"elementor-image-box-img\"><a href=\"http:\/\/jazzingautomation.com\/index.php\/projekat2\" tabindex=\"-1\"><img decoding=\"async\" width=\"1280\" height=\"853\" src=\"https:\/\/jazzingautomation.com\/wp-content\/uploads\/2023\/03\/8cc.jpg\" class=\"attachment-full size-full wp-image-1170\" alt=\"\" srcset=\"https:\/\/jazzingautomation.com\/wp-content\/uploads\/2023\/03\/8cc.jpg 1280w, https:\/\/jazzingautomation.com\/wp-content\/uploads\/2023\/03\/8cc-300x200.jpg 300w, https:\/\/jazzingautomation.com\/wp-content\/uploads\/2023\/03\/8cc-1024x682.jpg 1024w, https:\/\/jazzingautomation.com\/wp-content\/uploads\/2023\/03\/8cc-768x512.jpg 768w\" sizes=\"(max-width: 1280px) 100vw, 1280px\" \/><\/a><\/figure><div class=\"elementor-image-box-content\"><h4 class=\"elementor-image-box-title\"><a href=\"http:\/\/jazzingautomation.com\/index.php\/projekat2\">Wardrobe presenter<\/a><\/h4><p class=\"elementor-image-box-description\">The presenter of the wardrobe is an automatic machine that was made for the company Forma ideale, according to their request. His role is to efficiently and in a short period of time physically present the wardrobe that the client, potential buyer wants to see.<\/p><\/div><\/div>\t\t\t\t<\/div>\n\t\t\t\t<\/div>\n\t\t\t\t\t<\/div>\n\t\t<\/div>\n\t\t\t\t\t<\/div>\n\t\t<\/section>\n\t\t\t\t<section class=\"elementor-section elementor-top-section elementor-element elementor-element-c38d6b7 elementor-section-content-top elementor-section-boxed elementor-section-height-default elementor-section-height-default\" data-id=\"c38d6b7\" data-element_type=\"section\" data-e-type=\"section\" data-settings=\"{&quot;background_background&quot;:&quot;classic&quot;}\">\n\t\t\t\t\t\t<div class=\"elementor-container elementor-column-gap-no\">\n\t\t\t\t\t<div class=\"elementor-column elementor-col-50 elementor-top-column elementor-element elementor-element-18dd7e8\" data-id=\"18dd7e8\" data-element_type=\"column\" data-e-type=\"column\">\n\t\t\t<div class=\"elementor-widget-wrap elementor-element-populated\">\n\t\t\t\t\t\t<div class=\"elementor-element elementor-element-4348f6f elementor-position-top elementor-widget elementor-widget-image-box\" data-id=\"4348f6f\" data-element_type=\"widget\" data-e-type=\"widget\" id=\"projekat4\" data-widget_type=\"image-box.default\">\n\t\t\t\t<div class=\"elementor-widget-container\">\n\t\t\t\t\t<div class=\"elementor-image-box-wrapper\"><figure class=\"elementor-image-box-img\"><img decoding=\"async\" width=\"1280\" height=\"853\" src=\"https:\/\/jazzingautomation.com\/wp-content\/uploads\/2023\/02\/industry-technology-machine-3225119.jpg\" class=\"attachment-full size-full wp-image-670\" alt=\"industry, technology, machine-3225119.jpg\" srcset=\"https:\/\/jazzingautomation.com\/wp-content\/uploads\/2023\/02\/industry-technology-machine-3225119.jpg 1280w, https:\/\/jazzingautomation.com\/wp-content\/uploads\/2023\/02\/industry-technology-machine-3225119-300x200.jpg 300w, https:\/\/jazzingautomation.com\/wp-content\/uploads\/2023\/02\/industry-technology-machine-3225119-1024x682.jpg 1024w, https:\/\/jazzingautomation.com\/wp-content\/uploads\/2023\/02\/industry-technology-machine-3225119-768x512.jpg 768w\" sizes=\"(max-width: 1280px) 100vw, 1280px\" \/><\/figure><div class=\"elementor-image-box-content\"><h4 class=\"elementor-image-box-title\">A plant for the production of elastic bands<\/h4><p class=\"elementor-image-box-description\">Installed and put into operation a plant for the production of elastic bands in the company Mosha.<\/p><\/div><\/div>\t\t\t\t<\/div>\n\t\t\t\t<\/div>\n\t\t\t\t\t<\/div>\n\t\t<\/div>\n\t\t\t\t<div class=\"elementor-column elementor-col-50 elementor-top-column elementor-element elementor-element-f9e4bcc\" data-id=\"f9e4bcc\" data-element_type=\"column\" data-e-type=\"column\">\n\t\t\t<div class=\"elementor-widget-wrap elementor-element-populated\">\n\t\t\t\t\t\t<div class=\"elementor-element elementor-element-39fe420 elementor-position-top elementor-widget elementor-widget-image-box\" data-id=\"39fe420\" data-element_type=\"widget\" data-e-type=\"widget\" id=\"projekat3\" data-widget_type=\"image-box.default\">\n\t\t\t\t<div class=\"elementor-widget-container\">\n\t\t\t\t\t<div class=\"elementor-image-box-wrapper\"><figure class=\"elementor-image-box-img\"><img loading=\"lazy\" decoding=\"async\" width=\"1280\" height=\"853\" src=\"https:\/\/jazzingautomation.com\/wp-content\/uploads\/2023\/02\/robot-arm-technology-2791670.jpg\" class=\"attachment-full size-full wp-image-672\" alt=\"robot, arm, technology-2791670.jpg\" srcset=\"https:\/\/jazzingautomation.com\/wp-content\/uploads\/2023\/02\/robot-arm-technology-2791670.jpg 1280w, https:\/\/jazzingautomation.com\/wp-content\/uploads\/2023\/02\/robot-arm-technology-2791670-300x200.jpg 300w, https:\/\/jazzingautomation.com\/wp-content\/uploads\/2023\/02\/robot-arm-technology-2791670-1024x682.jpg 1024w, https:\/\/jazzingautomation.com\/wp-content\/uploads\/2023\/02\/robot-arm-technology-2791670-768x512.jpg 768w\" sizes=\"(max-width: 1280px) 100vw, 1280px\" \/><\/figure><div class=\"elementor-image-box-content\"><h4 class=\"elementor-image-box-title\">Robotic line<\/h4><p class=\"elementor-image-box-description\">Designing a robotic line for the preparation of spiral heat exchangers according to the requirements of the company \"Tiki\" in Stara Pazova.<br>The main collaborator and organizer of this project is \"NB TEAM\".<\/p><\/div><\/div>\t\t\t\t<\/div>\n\t\t\t\t<\/div>\n\t\t\t\t\t<\/div>\n\t\t<\/div>\n\t\t\t\t\t<\/div>\n\t\t<\/section>\n\t\t\t\t<section class=\"elementor-section elementor-top-section elementor-element elementor-element-7b8f588 elementor-section-content-top elementor-section-boxed elementor-section-height-default elementor-section-height-default\" data-id=\"7b8f588\" data-element_type=\"section\" data-e-type=\"section\" data-settings=\"{&quot;background_background&quot;:&quot;classic&quot;}\">\n\t\t\t\t\t\t<div class=\"elementor-container elementor-column-gap-no\">\n\t\t\t\t\t<div class=\"elementor-column elementor-col-50 elementor-top-column elementor-element elementor-element-37def92\" data-id=\"37def92\" data-element_type=\"column\" data-e-type=\"column\">\n\t\t\t<div class=\"elementor-widget-wrap elementor-element-populated\">\n\t\t\t\t\t\t<div class=\"elementor-element elementor-element-d130553 elementor-position-top elementor-widget elementor-widget-image-box\" data-id=\"d130553\" data-element_type=\"widget\" data-e-type=\"widget\" id=\"projekat5\" data-widget_type=\"image-box.default\">\n\t\t\t\t<div class=\"elementor-widget-container\">\n\t\t\t\t\t<div class=\"elementor-image-box-wrapper\"><figure class=\"elementor-image-box-img\"><img loading=\"lazy\" decoding=\"async\" width=\"1280\" height=\"853\" src=\"https:\/\/jazzingautomation.com\/wp-content\/uploads\/2023\/02\/security-stop-cnc-stop-418197.jpg\" class=\"attachment-full size-full wp-image-671\" alt=\"security, stop, cnc stop-418197.jpg\" srcset=\"https:\/\/jazzingautomation.com\/wp-content\/uploads\/2023\/02\/security-stop-cnc-stop-418197.jpg 1280w, https:\/\/jazzingautomation.com\/wp-content\/uploads\/2023\/02\/security-stop-cnc-stop-418197-300x200.jpg 300w, https:\/\/jazzingautomation.com\/wp-content\/uploads\/2023\/02\/security-stop-cnc-stop-418197-1024x682.jpg 1024w, https:\/\/jazzingautomation.com\/wp-content\/uploads\/2023\/02\/security-stop-cnc-stop-418197-768x512.jpg 768w\" sizes=\"(max-width: 1280px) 100vw, 1280px\" \/><\/figure><div class=\"elementor-image-box-content\"><h4 class=\"elementor-image-box-title\">Profiled sheet tabling line<\/h4><p class=\"elementor-image-box-description\">The complete automation of the line for cutting and tabling of profiled sheets was carried out in the company LKV Centar.<\/p><\/div><\/div>\t\t\t\t<\/div>\n\t\t\t\t<\/div>\n\t\t\t\t\t<\/div>\n\t\t<\/div>\n\t\t\t\t<div class=\"elementor-column elementor-col-50 elementor-top-column elementor-element elementor-element-bb4aa8b\" data-id=\"bb4aa8b\" data-element_type=\"column\" data-e-type=\"column\">\n\t\t\t<div class=\"elementor-widget-wrap elementor-element-populated\">\n\t\t\t\t\t\t<div class=\"elementor-element elementor-element-43a29c5 elementor-position-top elementor-widget elementor-widget-image-box\" data-id=\"43a29c5\" data-element_type=\"widget\" data-e-type=\"widget\" id=\"projekat6\" data-widget_type=\"image-box.default\">\n\t\t\t\t<div class=\"elementor-widget-container\">\n\t\t\t\t\t<div class=\"elementor-image-box-wrapper\"><figure class=\"elementor-image-box-img\"><img loading=\"lazy\" decoding=\"async\" width=\"1280\" height=\"853\" src=\"https:\/\/jazzingautomation.com\/wp-content\/uploads\/2023\/02\/desk-industrial-steel-2905361.jpg\" class=\"attachment-full size-full wp-image-613\" alt=\"desk, industrial, steel-2905361.jpg\" srcset=\"https:\/\/jazzingautomation.com\/wp-content\/uploads\/2023\/02\/desk-industrial-steel-2905361.jpg 1280w, https:\/\/jazzingautomation.com\/wp-content\/uploads\/2023\/02\/desk-industrial-steel-2905361-300x200.jpg 300w, https:\/\/jazzingautomation.com\/wp-content\/uploads\/2023\/02\/desk-industrial-steel-2905361-1024x682.jpg 1024w, https:\/\/jazzingautomation.com\/wp-content\/uploads\/2023\/02\/desk-industrial-steel-2905361-768x512.jpg 768w\" sizes=\"(max-width: 1280px) 100vw, 1280px\" \/><\/figure><div class=\"elementor-image-box-content\"><h4 class=\"elementor-image-box-title\">Machine for sewing PVC corners<\/h4><p class=\"elementor-image-box-description\">The machine for joining PVC corners with glass fiber mesh was made for the company RO-KUT from Tomislavgrad.<\/p><\/div><\/div>\t\t\t\t<\/div>\n\t\t\t\t<\/div>\n\t\t\t\t\t<\/div>\n\t\t<\/div>\n\t\t\t\t\t<\/div>\n\t\t<\/section>\n\t\t\t\t<section class=\"elementor-section elementor-top-section elementor-element elementor-element-3b20f05 elementor-section-content-top elementor-section-boxed elementor-section-height-default elementor-section-height-default\" data-id=\"3b20f05\" data-element_type=\"section\" data-e-type=\"section\" data-settings=\"{&quot;background_background&quot;:&quot;classic&quot;}\">\n\t\t\t\t\t\t<div class=\"elementor-container elementor-column-gap-no\">\n\t\t\t\t\t<div class=\"elementor-column elementor-col-50 elementor-top-column elementor-element elementor-element-4d8f073\" data-id=\"4d8f073\" data-element_type=\"column\" data-e-type=\"column\">\n\t\t\t<div class=\"elementor-widget-wrap elementor-element-populated\">\n\t\t\t\t\t\t<div class=\"elementor-element elementor-element-c009dd6 elementor-position-top elementor-widget elementor-widget-image-box\" data-id=\"c009dd6\" data-element_type=\"widget\" data-e-type=\"widget\" id=\"projekat7\" data-widget_type=\"image-box.default\">\n\t\t\t\t<div class=\"elementor-widget-container\">\n\t\t\t\t\t<div class=\"elementor-image-box-wrapper\"><figure class=\"elementor-image-box-img\"><a href=\"http:\/\/jazzingautomation.com\/index.php\/projekat7\" tabindex=\"-1\"><img loading=\"lazy\" decoding=\"async\" width=\"1270\" height=\"841\" src=\"https:\/\/jazzingautomation.com\/wp-content\/uploads\/2025\/05\/AlgoLoam-e1746633148264.jpg\" class=\"attachment-full size-full wp-image-1508\" alt=\"\" srcset=\"https:\/\/jazzingautomation.com\/wp-content\/uploads\/2025\/05\/AlgoLoam-e1746633148264.jpg 1270w, https:\/\/jazzingautomation.com\/wp-content\/uploads\/2025\/05\/AlgoLoam-e1746633148264-300x199.jpg 300w, https:\/\/jazzingautomation.com\/wp-content\/uploads\/2025\/05\/AlgoLoam-e1746633148264-1024x678.jpg 1024w, https:\/\/jazzingautomation.com\/wp-content\/uploads\/2025\/05\/AlgoLoam-e1746633148264-768x509.jpg 768w, https:\/\/jazzingautomation.com\/wp-content\/uploads\/2025\/05\/AlgoLoam-e1746633148264-18x12.jpg 18w\" sizes=\"(max-width: 1270px) 100vw, 1270px\" \/><\/a><\/figure><div class=\"elementor-image-box-content\"><h4 class=\"elementor-image-box-title\"><a href=\"http:\/\/jazzingautomation.com\/index.php\/projekat7\">AlgoLoam<\/a><\/h4><p class=\"elementor-image-box-description\">Participation in the AlgoLoam project. The task of the company Jazzing Automation is to design an automatic machine for making samples of reinforced materials.<\/p><\/div><\/div>\t\t\t\t<\/div>\n\t\t\t\t<\/div>\n\t\t\t\t\t<\/div>\n\t\t<\/div>\n\t\t\t\t<div class=\"elementor-column elementor-col-50 elementor-top-column elementor-element elementor-element-b96d346\" data-id=\"b96d346\" data-element_type=\"column\" data-e-type=\"column\">\n\t\t\t<div class=\"elementor-widget-wrap elementor-element-populated\">\n\t\t\t\t\t\t<div class=\"elementor-element elementor-element-27e02cb elementor-position-top elementor-widget elementor-widget-image-box\" data-id=\"27e02cb\" data-element_type=\"widget\" data-e-type=\"widget\" id=\"projekat8\" data-widget_type=\"image-box.default\">\n\t\t\t\t<div class=\"elementor-widget-container\">\n\t\t\t\t\t<div class=\"elementor-image-box-wrapper\"><figure class=\"elementor-image-box-img\"><a href=\"http:\/\/jazzingautomation.com\/index.php\/projekat8\" tabindex=\"-1\"><img loading=\"lazy\" decoding=\"async\" width=\"1280\" height=\"849\" src=\"https:\/\/jazzingautomation.com\/wp-content\/uploads\/2025\/05\/j8a.jpg\" class=\"attachment-full size-full wp-image-1554\" alt=\"\" srcset=\"https:\/\/jazzingautomation.com\/wp-content\/uploads\/2025\/05\/j8a.jpg 1280w, https:\/\/jazzingautomation.com\/wp-content\/uploads\/2025\/05\/j8a-300x199.jpg 300w, https:\/\/jazzingautomation.com\/wp-content\/uploads\/2025\/05\/j8a-1024x679.jpg 1024w, https:\/\/jazzingautomation.com\/wp-content\/uploads\/2025\/05\/j8a-768x509.jpg 768w, https:\/\/jazzingautomation.com\/wp-content\/uploads\/2025\/05\/j8a-18x12.jpg 18w\" sizes=\"(max-width: 1280px) 100vw, 1280px\" \/><\/a><\/figure><div class=\"elementor-image-box-content\"><h4 class=\"elementor-image-box-title\"><a href=\"http:\/\/jazzingautomation.com\/index.php\/projekat8\">Hercules 9<\/a><\/h4><p class=\"elementor-image-box-description\">Design and manufacture of a nine-axis CNC pipe bending machine Hercules 9.<\/p><\/div><\/div>\t\t\t\t<\/div>\n\t\t\t\t<\/div>\n\t\t\t\t\t<\/div>\n\t\t<\/div>\n\t\t\t\t\t<\/div>\n\t\t<\/section>\n\t\t\t\t<\/div>","protected":false},"excerpt":{"rendered":"<p>Izdvojeni projekti U nastavku slede neki od projekata na kojima je kompanija Jazzing automation doo radila. Izdvojeni su projekti iz razli\u010ditih grana industrije kako bi se prikazao \u0161irok spektar delatnosti koje kompanija Jazzing automation doo obavlja. Koordinatna ma\u0161ina za rezanje sun\u0111era Koordinatna ma\u0161ina za rezanje sun\u0111era je ra\u0111ena za kompaniju Sofa Style iz Majdanpeka. Ra\u0111en [&hellip;]<\/p>\n","protected":false},"author":1,"featured_media":0,"parent":0,"menu_order":0,"comment_status":"closed","ping_status":"closed","template":"","meta":{"om_disable_all_campaigns":false,"_uag_custom_page_level_css":"","_monsterinsights_skip_tracking":false,"_monsterinsights_sitenote_active":false,"_monsterinsights_sitenote_note":"","_monsterinsights_sitenote_category":0,"site-sidebar-layout":"no-sidebar","site-content-layout":"page-builder","ast-site-content-layout":"full-width-container","site-content-style":"unboxed","site-sidebar-style":"unboxed","ast-global-header-display":"","ast-banner-title-visibility":"","ast-main-header-display":"","ast-hfb-above-header-display":"","ast-hfb-below-header-display":"","ast-hfb-mobile-header-display":"","site-post-title":"disabled","ast-breadcrumbs-content":"","ast-featured-img":"disabled","footer-sml-layout":"","ast-disable-related-posts":"","theme-transparent-header-meta":"enabled","adv-header-id-meta":"","stick-header-meta":"","header-above-stick-meta":"","header-main-stick-meta":"","header-below-stick-meta":"","astra-migrate-meta-layouts":"set","ast-page-background-enabled":"default","ast-page-background-meta":{"desktop":{"background-color":"","background-image":"","background-repeat":"repeat","background-position":"center center","background-size":"auto","background-attachment":"scroll","background-type":"","background-media":"","overlay-type":"","overlay-color":"","overlay-opacity":"","overlay-gradient":""},"tablet":{"background-color":"","background-image":"","background-repeat":"repeat","background-position":"center center","background-size":"auto","background-attachment":"scroll","background-type":"","background-media":"","overlay-type":"","overlay-color":"","overlay-opacity":"","overlay-gradient":""},"mobile":{"background-color":"","background-image":"","background-repeat":"repeat","background-position":"center center","background-size":"auto","background-attachment":"scroll","background-type":"","background-media":"","overlay-type":"","overlay-color":"","overlay-opacity":"","overlay-gradient":""}},"ast-content-background-meta":{"desktop":{"background-color":"var(--ast-global-color-5)","background-image":"","background-repeat":"repeat","background-position":"center center","background-size":"auto","background-attachment":"scroll","background-type":"","background-media":"","overlay-type":"","overlay-color":"","overlay-opacity":"","overlay-gradient":""},"tablet":{"background-color":"var(--ast-global-color-5)","background-image":"","background-repeat":"repeat","background-position":"center center","background-size":"auto","background-attachment":"scroll","background-type":"","background-media":"","overlay-type":"","overlay-color":"","overlay-opacity":"","overlay-gradient":""},"mobile":{"background-color":"var(--ast-global-color-5)","background-image":"","background-repeat":"repeat","background-position":"center center","background-size":"auto","background-attachment":"scroll","background-type":"","background-media":"","overlay-type":"","overlay-color":"","overlay-opacity":"","overlay-gradient":""}},"footnotes":""},"class_list":["post-9","page","type-page","status-publish","hentry"],"aioseo_notices":[],"uagb_featured_image_src":{"full":false,"thumbnail":false,"medium":false,"medium_large":false,"large":false,"1536x1536":false,"2048x2048":false,"trp-custom-language-flag":false,"qi_addons_for_elementor_image_size_square":false,"qi_addons_for_elementor_image_size_landscape":false,"qi_addons_for_elementor_image_size_portrait":false,"qi_addons_for_elementor_image_size_huge-square":false},"uagb_author_info":{"display_name":"vidovicbrankopm@gmail.com","author_link":"https:\/\/jazzingautomation.com\/en\/author\/vidovicbrankopmgmail-com\/"},"uagb_comment_info":0,"uagb_excerpt":"Izdvojeni projekti U nastavku slede neki od projekata na kojima je kompanija Jazzing automation doo radila. Izdvojeni su projekti iz razli\u010ditih grana industrije kako bi se prikazao \u0161irok spektar delatnosti koje kompanija Jazzing automation doo obavlja. Koordinatna ma\u0161ina za rezanje sun\u0111era Koordinatna ma\u0161ina za rezanje sun\u0111era je ra\u0111ena za kompaniju Sofa Style iz Majdanpeka. Ra\u0111en&hellip;","_links":{"self":[{"href":"https:\/\/jazzingautomation.com\/en\/wp-json\/wp\/v2\/pages\/9","targetHints":{"allow":["GET"]}}],"collection":[{"href":"https:\/\/jazzingautomation.com\/en\/wp-json\/wp\/v2\/pages"}],"about":[{"href":"https:\/\/jazzingautomation.com\/en\/wp-json\/wp\/v2\/types\/page"}],"author":[{"embeddable":true,"href":"https:\/\/jazzingautomation.com\/en\/wp-json\/wp\/v2\/users\/1"}],"replies":[{"embeddable":true,"href":"https:\/\/jazzingautomation.com\/en\/wp-json\/wp\/v2\/comments?post=9"}],"version-history":[{"count":82,"href":"https:\/\/jazzingautomation.com\/en\/wp-json\/wp\/v2\/pages\/9\/revisions"}],"predecessor-version":[{"id":1594,"href":"https:\/\/jazzingautomation.com\/en\/wp-json\/wp\/v2\/pages\/9\/revisions\/1594"}],"wp:attachment":[{"href":"https:\/\/jazzingautomation.com\/en\/wp-json\/wp\/v2\/media?parent=9"}],"curies":[{"name":"wp","href":"https:\/\/api.w.org\/{rel}","templated":true}]}}